{"id":670,"date":"2026-02-04T17:30:11","date_gmt":"2026-02-04T16:30:11","guid":{"rendered":"https:\/\/beta.whatmkt.com\/melelremei\/cistella\/"},"modified":"2026-02-24T16:38:11","modified_gmt":"2026-02-24T15:38:11","slug":"cistella","status":"publish","type":"page","link":"https:\/\/melelremei.com\/ca\/cistella\/","title":{"rendered":"Cistella"},"content":{"rendered":"\n<div data-block-name=\"woocommerce\/cart\" class=\"wp-block-woocommerce-cart alignwide is-loading\">\n<div data-block-name=\"woocommerce\/filled-cart-block\" class=\"wp-block-woocommerce-filled-cart-block\">\n<div data-block-name=\"woocommerce\/cart-items-block\" class=\"wp-block-woocommerce-cart-items-block\">\n<div data-block-name=\"woocommerce\/cart-line-items-block\" class=\"wp-block-woocommerce-cart-line-items-block\"><\/div>\n\n\n<\/div>\n\n\n\n\n<div data-block-name=\"woocommerce\/cart-totals-block\" class=\"wp-block-woocommerce-cart-totals-block\">\n<div data-block-name=\"woocommerce\/cart-order-summary-block\" class=\"wp-block-woocommerce-cart-order-summary-block\">\n<div data-block-name=\"woocommerce\/cart-order-summary-heading-block\" class=\"wp-block-woocommerce-cart-order-summary-heading-block\"><\/div><div data-block-name=\"woocommerce\/cart-order-summary-coupon-form-block\" class=\"wp-block-woocommerce-cart-order-summary-coupon-form-block\"><\/div><div data-block-name=\"woocommerce\/cart-order-summary-totals-block\" class=\"wp-block-woocommerce-cart-order-summary-totals-block\">\n<div data-block-name=\"woocommerce\/cart-order-summary-subtotal-block\" class=\"wp-block-woocommerce-cart-order-summary-subtotal-block\"><\/div>\n<div data-block-name=\"woocommerce\/cart-order-summary-discount-block\" class=\"wp-block-woocommerce-cart-order-summary-discount-block\"><\/div>\n<div data-block-name=\"woocommerce\/cart-order-summary-fee-block\" class=\"wp-block-woocommerce-cart-order-summary-fee-block\"><\/div>\n<div data-block-name=\"woocommerce\/cart-order-summary-shipping-block\" class=\"wp-block-woocommerce-cart-order-summary-shipping-block\"><\/div>\n<div data-block-name=\"woocommerce\/cart-order-summary-taxes-block\" class=\"wp-block-woocommerce-cart-order-summary-taxes-block\"><\/div><\/div>\n<\/div>\n\n\n\n<div data-block-name=\"woocommerce\/cart-express-payment-block\" class=\"wp-block-woocommerce-cart-express-payment-block\"><\/div>\n\n\n\n<div data-block-name=\"woocommerce\/proceed-to-checkout-block\" class=\"wp-block-woocommerce-proceed-to-checkout-block\"><\/div>\n\n\n\n<div data-block-name=\"woocommerce\/cart-accepted-payment-methods-block\" class=\"wp-block-woocommerce-cart-accepted-payment-methods-block\"><\/div>\n<\/div>\n<\/div>\n\n\n\n<div data-block-name=\"woocommerce\/empty-cart-block\" class=\"wp-block-woocommerce-empty-cart-block\">\n<h2 class=\"wp-block-heading has-text-align-center with-empty-cart-icon wc-block-cart__empty-cart__title\">La cistella est\u00e0 buida actualment!<\/h2>\n\n\n\n<hr class=\"wp-block-separator has-alpha-channel-opacity is-style-dots\"\/>\n\n\n\n<h2 class=\"wp-block-heading has-text-align-center\">Nou a la botiga<\/h2>\n\n\n<div data-block-name=\"woocommerce\/product-new\" data-columns=\"4\" data-rows=\"1\" class=\"wc-block-grid wp-block-product-new wp-block-woocommerce-product-new wc-block-product-new has-4-columns\"><ul class=\"wc-block-grid__products\"><li class=\"wc-block-grid__product\">\n\t\t\t\t<a href=\"https:\/\/melelremei.com\/ca\/producte\/mel-bioactiva-lavanda-500g\/\" class=\"wc-block-grid__product-link\">\n\t\t\t\t\t\n\t\t\t\t\t<div class=\"wc-block-grid__product-image\"><img decoding=\"async\" width=\"500\" height=\"494\" src=\"https:\/\/melelremei.com\/wp-content\/uploads\/2026\/02\/MIEL-BIOACTIVA-500x494.jpg\" class=\"attachment-woocommerce_thumbnail size-woocommerce_thumbnail lazyload\" alt=\"Mel bioactiva - Lavanda 500g\" srcset=\"data:image\/svg+xml,%3Csvg%20xmlns%3D%27http%3A%2F%2Fwww.w3.org%2F2000%2Fsvg%27%20width%3D%271047%27%20height%3D%271035%27%20viewBox%3D%270%200%201047%201035%27%3E%3Crect%20width%3D%271047%27%20height%3D%271035%27%20fill-opacity%3D%220%22%2F%3E%3C%2Fsvg%3E\" data-orig-src=\"https:\/\/melelremei.com\/wp-content\/uploads\/2026\/02\/MIEL-BIOACTIVA-500x494.jpg\" data-srcset=\"https:\/\/melelremei.com\/wp-content\/uploads\/2026\/02\/MIEL-BIOACTIVA-66x66.jpg 66w, https:\/\/melelremei.com\/wp-content\/uploads\/2026\/02\/MIEL-BIOACTIVA-200x198.jpg 200w, https:\/\/melelremei.com\/wp-content\/uploads\/2026\/02\/MIEL-BIOACTIVA-300x297.jpg 300w, https:\/\/melelremei.com\/wp-content\/uploads\/2026\/02\/MIEL-BIOACTIVA-400x395.jpg 400w, https:\/\/melelremei.com\/wp-content\/uploads\/2026\/02\/MIEL-BIOACTIVA-500x494.jpg 500w, https:\/\/melelremei.com\/wp-content\/uploads\/2026\/02\/MIEL-BIOACTIVA-600x593.jpg 600w, https:\/\/melelremei.com\/wp-content\/uploads\/2026\/02\/MIEL-BIOACTIVA-700x692.jpg 700w, https:\/\/melelremei.com\/wp-content\/uploads\/2026\/02\/MIEL-BIOACTIVA-768x759.jpg 768w, https:\/\/melelremei.com\/wp-content\/uploads\/2026\/02\/MIEL-BIOACTIVA-800x791.jpg 800w, https:\/\/melelremei.com\/wp-content\/uploads\/2026\/02\/MIEL-BIOACTIVA-1024x1012.jpg 1024w, https:\/\/melelremei.com\/wp-content\/uploads\/2026\/02\/MIEL-BIOACTIVA.jpg 1047w\" data-sizes=\"auto\" \/><\/div>\n\t\t\t\t\t<div class=\"wc-block-grid__product-title\">Mel bioactiva &#8211; Lavanda 500g<\/div>\n\t\t\t\t<\/a>\n\t\t\t\t<div class=\"wc-block-grid__product-price price\"><span class=\"woocommerce-Price-amount amount\">10,00&nbsp;<span class=\"woocommerce-Price-currencySymbol\">&euro;<\/span><\/span><\/div>\n\t\t\t\t\n\t\t\t\t<div class=\"wp-block-button wc-block-grid__product-add-to-cart\"><a href=\"\/ca\/wp-json\/wp\/v2\/pages\/670?add-to-cart=816\" aria-label=\"Afegeix a la cistella: &ldquo;Mel bioactiva - Lavanda 500g&rdquo;\" data-quantity=\"1\" data-product_id=\"816\" data-product_sku=\"\" data-price=\"10\" rel=\"nofollow\" class=\"wp-block-button__link  add_to_cart_button ajax_add_to_cart\">Afegeix a la cistella<\/a><\/div>\n\t\t\t<\/li><li class=\"wc-block-grid__product\">\n\t\t\t\t<a href=\"https:\/\/melelremei.com\/ca\/producte\/capsules-de-propolis-i-equinacia-500-mg-120-capsules\/\" class=\"wc-block-grid__product-link\">\n\t\t\t\t\t\n\t\t\t\t\t<div class=\"wc-block-grid__product-image\"><img decoding=\"async\" width=\"500\" height=\"500\" src=\"https:\/\/melelremei.com\/wp-content\/uploads\/2026\/02\/FOTO-PRODUCTE-PROPOLI-500x500.png\" class=\"attachment-woocommerce_thumbnail size-woocommerce_thumbnail lazyload\" alt=\"C\u00e0psules de pr\u00f2polis i equin\u00e0cia 500 mg - 120 c\u00e0psules\" srcset=\"data:image\/svg+xml,%3Csvg%20xmlns%3D%27http%3A%2F%2Fwww.w3.org%2F2000%2Fsvg%27%20width%3D%271080%27%20height%3D%271080%27%20viewBox%3D%270%200%201080%201080%27%3E%3Crect%20width%3D%271080%27%20height%3D%271080%27%20fill-opacity%3D%220%22%2F%3E%3C%2Fsvg%3E\" data-orig-src=\"https:\/\/melelremei.com\/wp-content\/uploads\/2026\/02\/FOTO-PRODUCTE-PROPOLI-500x500.png\" data-srcset=\"https:\/\/melelremei.com\/wp-content\/uploads\/2026\/02\/FOTO-PRODUCTE-PROPOLI-66x66.png 66w, https:\/\/melelremei.com\/wp-content\/uploads\/2026\/02\/FOTO-PRODUCTE-PROPOLI-150x150.png 150w, https:\/\/melelremei.com\/wp-content\/uploads\/2026\/02\/FOTO-PRODUCTE-PROPOLI-200x200.png 200w, https:\/\/melelremei.com\/wp-content\/uploads\/2026\/02\/FOTO-PRODUCTE-PROPOLI-300x300.png 300w, https:\/\/melelremei.com\/wp-content\/uploads\/2026\/02\/FOTO-PRODUCTE-PROPOLI-400x400.png 400w, https:\/\/melelremei.com\/wp-content\/uploads\/2026\/02\/FOTO-PRODUCTE-PROPOLI-500x500.png 500w, https:\/\/melelremei.com\/wp-content\/uploads\/2026\/02\/FOTO-PRODUCTE-PROPOLI-600x600.png 600w, https:\/\/melelremei.com\/wp-content\/uploads\/2026\/02\/FOTO-PRODUCTE-PROPOLI-700x700.png 700w, https:\/\/melelremei.com\/wp-content\/uploads\/2026\/02\/FOTO-PRODUCTE-PROPOLI-768x768.png 768w, https:\/\/melelremei.com\/wp-content\/uploads\/2026\/02\/FOTO-PRODUCTE-PROPOLI-800x800.png 800w, https:\/\/melelremei.com\/wp-content\/uploads\/2026\/02\/FOTO-PRODUCTE-PROPOLI-1024x1024.png 1024w, https:\/\/melelremei.com\/wp-content\/uploads\/2026\/02\/FOTO-PRODUCTE-PROPOLI.png 1080w\" data-sizes=\"auto\" \/><\/div>\n\t\t\t\t\t<div class=\"wc-block-grid__product-title\">C\u00e0psules de pr\u00f2polis i equin\u00e0cia 500 mg &#8211; 120 c\u00e0psules<\/div>\n\t\t\t\t<\/a>\n\t\t\t\t<div class=\"wc-block-grid__product-price price\"><span class=\"woocommerce-Price-amount amount\">19,00&nbsp;<span class=\"woocommerce-Price-currencySymbol\">&euro;<\/span><\/span><\/div>\n\t\t\t\t\n\t\t\t\t<div class=\"wp-block-button wc-block-grid__product-add-to-cart\"><a href=\"\/ca\/wp-json\/wp\/v2\/pages\/670?add-to-cart=824\" aria-label=\"Afegeix a la cistella: &ldquo;C\u00e0psules de pr\u00f2polis i equin\u00e0cia 500 mg - 120 c\u00e0psules&rdquo;\" data-quantity=\"1\" data-product_id=\"824\" data-product_sku=\"\" data-price=\"19\" rel=\"nofollow\" class=\"wp-block-button__link  add_to_cart_button ajax_add_to_cart\">Afegeix a la cistella<\/a><\/div>\n\t\t\t<\/li><li class=\"wc-block-grid__product\">\n\t\t\t\t<a href=\"https:\/\/melelremei.com\/ca\/producte\/mel-redicat-400gr\/\" class=\"wc-block-grid__product-link\">\n\t\t\t\t\t\n\t\t\t\t\t<div class=\"wc-block-grid__product-image\"><img decoding=\"async\" width=\"500\" height=\"500\" src=\"https:\/\/melelremei.com\/wp-content\/uploads\/2026\/02\/IMG_20230123_150820_900-500x500.jpg\" class=\"attachment-woocommerce_thumbnail size-woocommerce_thumbnail lazyload\" alt=\"Mel REDICAT 400gr\" srcset=\"data:image\/svg+xml,%3Csvg%20xmlns%3D%27http%3A%2F%2Fwww.w3.org%2F2000%2Fsvg%27%20width%3D%271080%27%20height%3D%271080%27%20viewBox%3D%270%200%201080%201080%27%3E%3Crect%20width%3D%271080%27%20height%3D%271080%27%20fill-opacity%3D%220%22%2F%3E%3C%2Fsvg%3E\" data-orig-src=\"https:\/\/melelremei.com\/wp-content\/uploads\/2026\/02\/IMG_20230123_150820_900-500x500.jpg\" data-srcset=\"https:\/\/melelremei.com\/wp-content\/uploads\/2026\/02\/IMG_20230123_150820_900-66x66.jpg 66w, https:\/\/melelremei.com\/wp-content\/uploads\/2026\/02\/IMG_20230123_150820_900-150x150.jpg 150w, https:\/\/melelremei.com\/wp-content\/uploads\/2026\/02\/IMG_20230123_150820_900-200x200.jpg 200w, https:\/\/melelremei.com\/wp-content\/uploads\/2026\/02\/IMG_20230123_150820_900-300x300.jpg 300w, https:\/\/melelremei.com\/wp-content\/uploads\/2026\/02\/IMG_20230123_150820_900-400x400.jpg 400w, https:\/\/melelremei.com\/wp-content\/uploads\/2026\/02\/IMG_20230123_150820_900-500x500.jpg 500w, https:\/\/melelremei.com\/wp-content\/uploads\/2026\/02\/IMG_20230123_150820_900-600x600.jpg 600w, https:\/\/melelremei.com\/wp-content\/uploads\/2026\/02\/IMG_20230123_150820_900-700x700.jpg 700w, https:\/\/melelremei.com\/wp-content\/uploads\/2026\/02\/IMG_20230123_150820_900-768x768.jpg 768w, https:\/\/melelremei.com\/wp-content\/uploads\/2026\/02\/IMG_20230123_150820_900-800x800.jpg 800w, https:\/\/melelremei.com\/wp-content\/uploads\/2026\/02\/IMG_20230123_150820_900-1024x1024.jpg 1024w, https:\/\/melelremei.com\/wp-content\/uploads\/2026\/02\/IMG_20230123_150820_900.jpg 1080w\" data-sizes=\"auto\" \/><\/div>\n\t\t\t\t\t<div class=\"wc-block-grid__product-title\">Mel REDICAT 400gr<\/div>\n\t\t\t\t<\/a>\n\t\t\t\t<div class=\"wc-block-grid__product-price price\"><span class=\"woocommerce-Price-amount amount\">7,00&nbsp;<span class=\"woocommerce-Price-currencySymbol\">&euro;<\/span><\/span><\/div>\n\t\t\t\t\n\t\t\t\t<div class=\"wp-block-button wc-block-grid__product-add-to-cart\"><a href=\"\/ca\/wp-json\/wp\/v2\/pages\/670?add-to-cart=822\" aria-label=\"Afegeix a la cistella: &ldquo;Mel REDICAT 400gr&rdquo;\" data-quantity=\"1\" data-product_id=\"822\" data-product_sku=\"\" data-price=\"7\" rel=\"nofollow\" class=\"wp-block-button__link  add_to_cart_button ajax_add_to_cart\">Afegeix a la cistella<\/a><\/div>\n\t\t\t<\/li><li class=\"wc-block-grid__product\">\n\t\t\t\t<a href=\"https:\/\/melelremei.com\/ca\/producte\/pack-salud\/\" class=\"wc-block-grid__product-link\">\n\t\t\t\t\t\n\t\t\t\t\t<div class=\"wc-block-grid__product-image\"><img decoding=\"async\" width=\"500\" height=\"375\" src=\"https:\/\/melelremei.com\/wp-content\/uploads\/2026\/02\/IMG_20201001_163311-scaled-1-500x375.jpg\" class=\"attachment-woocommerce_thumbnail size-woocommerce_thumbnail lazyload\" alt=\"PACK SALUD\" srcset=\"data:image\/svg+xml,%3Csvg%20xmlns%3D%27http%3A%2F%2Fwww.w3.org%2F2000%2Fsvg%27%20width%3D%272560%27%20height%3D%271920%27%20viewBox%3D%270%200%202560%201920%27%3E%3Crect%20width%3D%272560%27%20height%3D%271920%27%20fill-opacity%3D%220%22%2F%3E%3C%2Fsvg%3E\" data-orig-src=\"https:\/\/melelremei.com\/wp-content\/uploads\/2026\/02\/IMG_20201001_163311-scaled-1-500x375.jpg\" data-srcset=\"https:\/\/melelremei.com\/wp-content\/uploads\/2026\/02\/IMG_20201001_163311-scaled-1-200x150.jpg 200w, https:\/\/melelremei.com\/wp-content\/uploads\/2026\/02\/IMG_20201001_163311-scaled-1-300x225.jpg 300w, https:\/\/melelremei.com\/wp-content\/uploads\/2026\/02\/IMG_20201001_163311-scaled-1-400x300.jpg 400w, https:\/\/melelremei.com\/wp-content\/uploads\/2026\/02\/IMG_20201001_163311-scaled-1-500x375.jpg 500w, https:\/\/melelremei.com\/wp-content\/uploads\/2026\/02\/IMG_20201001_163311-scaled-1-600x450.jpg 600w, https:\/\/melelremei.com\/wp-content\/uploads\/2026\/02\/IMG_20201001_163311-scaled-1-700x525.jpg 700w, https:\/\/melelremei.com\/wp-content\/uploads\/2026\/02\/IMG_20201001_163311-scaled-1-768x576.jpg 768w, https:\/\/melelremei.com\/wp-content\/uploads\/2026\/02\/IMG_20201001_163311-scaled-1-800x600.jpg 800w, https:\/\/melelremei.com\/wp-content\/uploads\/2026\/02\/IMG_20201001_163311-scaled-1-1024x768.jpg 1024w, https:\/\/melelremei.com\/wp-content\/uploads\/2026\/02\/IMG_20201001_163311-scaled-1-1200x900.jpg 1200w, https:\/\/melelremei.com\/wp-content\/uploads\/2026\/02\/IMG_20201001_163311-scaled-1-1536x1152.jpg 1536w\" data-sizes=\"auto\" \/><\/div>\n\t\t\t\t\t<div class=\"wc-block-grid__product-title\">PACK SALUD<\/div>\n\t\t\t\t<\/a>\n\t\t\t\t<div class=\"wc-block-grid__product-price price\"><span class=\"woocommerce-Price-amount amount\">40,00&nbsp;<span class=\"woocommerce-Price-currencySymbol\">&euro;<\/span><\/span><\/div>\n\t\t\t\t\n\t\t\t\t<div class=\"wp-block-button wc-block-grid__product-add-to-cart\"><a href=\"\/ca\/wp-json\/wp\/v2\/pages\/670?add-to-cart=820\" aria-label=\"Afegeix a la cistella: &ldquo;PACK SALUD&rdquo;\" data-quantity=\"1\" data-product_id=\"820\" data-product_sku=\"\" data-price=\"40\" rel=\"nofollow\" class=\"wp-block-button__link  add_to_cart_button ajax_add_to_cart\">Afegeix a la cistella<\/a><\/div>\n\t\t\t<\/li><\/ul><\/div><\/div>\n<\/div>\n","protected":false},"excerpt":{"rendered":"","protected":false},"author":1,"featured_media":0,"parent":0,"menu_order":0,"comment_status":"closed","ping_status":"closed","template":"","meta":{"footnotes":""},"class_list":["post-670","page","type-page","status-publish","hentry"],"_links":{"self":[{"href":"https:\/\/melelremei.com\/ca\/wp-json\/wp\/v2\/pages\/670","targetHints":{"allow":["GET"]}}],"collection":[{"href":"https:\/\/melelremei.com\/ca\/wp-json\/wp\/v2\/pages"}],"about":[{"href":"https:\/\/melelremei.com\/ca\/wp-json\/wp\/v2\/types\/page"}],"author":[{"embeddable":true,"href":"https:\/\/melelremei.com\/ca\/wp-json\/wp\/v2\/users\/1"}],"replies":[{"embeddable":true,"href":"https:\/\/melelremei.com\/ca\/wp-json\/wp\/v2\/comments?post=670"}],"version-history":[{"count":1,"href":"https:\/\/melelremei.com\/ca\/wp-json\/wp\/v2\/pages\/670\/revisions"}],"predecessor-version":[{"id":673,"href":"https:\/\/melelremei.com\/ca\/wp-json\/wp\/v2\/pages\/670\/revisions\/673"}],"wp:attachment":[{"href":"https:\/\/melelremei.com\/ca\/wp-json\/wp\/v2\/media?parent=670"}],"curies":[{"name":"wp","href":"https:\/\/api.w.org\/{rel}","templated":true}]}}