{"id":724,"date":"2026-02-10T11:02:41","date_gmt":"2026-02-10T10:02:41","guid":{"rendered":"https:\/\/beta.whatmkt.com\/melelremei\/formas-de-pago\/"},"modified":"2026-02-25T10:50:20","modified_gmt":"2026-02-25T09:50:20","slug":"metodes-de-pagament","status":"publish","type":"page","link":"https:\/\/melelremei.com\/ca\/metodes-de-pagament\/","title":{"rendered":"Metodes de pagament"},"content":{"rendered":"<p>El PRESTADOR es el responsable de las transacciones econ\u00f3micas y posibilita las siguientes formas para efectuar el pago de un pedido:<\/p>\n<p>&nbsp;<\/p>\n<ul>\n<li>Bizum<\/li>\n<li>Transferencia bancaria<\/li>\n<li>Contra reembolso con transporte propio de mel el Remei<\/li>\n<\/ul>\n<p>&nbsp;<\/p>\n<p>El USUARIO podr\u00e1 utilizar un cup\u00f3n de descuento (si existiese) en el momento previo a la finalizaci\u00f3n de la compra en caso de haberlo recibido por parte del PRESTADOR.<\/p>\n<p>&nbsp;<\/p>\n<h1>Medidas de seguridad<\/h1>\n<p>El sitio web utiliza t\u00e9cnicas de seguridad de la informaci\u00f3n generalmente aceptadas en la industria, tales como SSL, datos introducidos en p\u00e1gina segura, firewalls, procedimientos de control de acceso y mecanismos criptogr\u00e1ficos, todo ello con el objeto de evitar el acceso no autorizado a los datos. Para lograr estos fines, el usuario\/cliente acepta que el prestador obtenga datos para efecto de la correspondiente autenticaci\u00f3n de los controles de acceso.<\/p>\n<p>&nbsp;<\/p>\n<p>El PRESTADOR se compromete a no permitir ninguna transacci\u00f3n que sea considerada ilegal por las marcas de tarjetas de cr\u00e9dito o el banco adquiriente y que pueda o tenga el potencial de da\u00f1ar la buena voluntad de los mismos o influir de manera negativa en ellos.<\/p>\n<p>&nbsp;<\/p>\n<p>Est\u00e1 prohibida, en virtud de los programas de las marcas de tarjetas, la venta u oferta de un producto que no cumpla con todas las leyes aplicables al Comprador, Banco Emisor, Comerciante o Titular de la tarjeta o tarjetas.<\/p>\n","protected":false},"excerpt":{"rendered":"<p>El PRESTADOR es el responsable de las transacciones econ\u00f3micas y  [&#8230;]<\/p>\n","protected":false},"author":1,"featured_media":0,"parent":0,"menu_order":0,"comment_status":"closed","ping_status":"closed","template":"100-width.php","meta":{"footnotes":""},"class_list":["post-724","page","type-page","status-publish","hentry"],"_links":{"self":[{"href":"https:\/\/melelremei.com\/ca\/wp-json\/wp\/v2\/pages\/724","targetHints":{"allow":["GET"]}}],"collection":[{"href":"https:\/\/melelremei.com\/ca\/wp-json\/wp\/v2\/pages"}],"about":[{"href":"https:\/\/melelremei.com\/ca\/wp-json\/wp\/v2\/types\/page"}],"author":[{"embeddable":true,"href":"https:\/\/melelremei.com\/ca\/wp-json\/wp\/v2\/users\/1"}],"replies":[{"embeddable":true,"href":"https:\/\/melelremei.com\/ca\/wp-json\/wp\/v2\/comments?post=724"}],"version-history":[{"count":3,"href":"https:\/\/melelremei.com\/ca\/wp-json\/wp\/v2\/pages\/724\/revisions"}],"predecessor-version":[{"id":798,"href":"https:\/\/melelremei.com\/ca\/wp-json\/wp\/v2\/pages\/724\/revisions\/798"}],"wp:attachment":[{"href":"https:\/\/melelremei.com\/ca\/wp-json\/wp\/v2\/media?parent=724"}],"curies":[{"name":"wp","href":"https:\/\/api.w.org\/{rel}","templated":true}]}}