{"id":737,"date":"2026-02-10T11:04:33","date_gmt":"2026-02-10T10:04:33","guid":{"rendered":"https:\/\/beta.whatmkt.com\/melelremei\/politica-de-newsletter\/"},"modified":"2026-02-25T10:08:27","modified_gmt":"2026-02-25T09:08:27","slug":"politica-de-newsletter","status":"publish","type":"page","link":"https:\/\/melelremei.com\/ca\/politica-de-newsletter\/","title":{"rendered":"Pol\u00edtica de newsletter"},"content":{"rendered":"<h1 class=\"entry-title main_title\">Pol\u00edticas de Newsletter<\/h1>\n<div class=\"entry-content\">\n<p><label><b>PUBLICITAT:<\/b>D\u2019acord el que preveu l\u2019article 21 de la Llei 34\/2002 de Serveis de la Societat de la Informaci\u00f3 i Comer\u00e7 Electr\u00f2nic (LSSICE), sol\u00b7licitem el vostre consentiment per a la subscripci\u00f3 i l\u2019enviament de la nostra Newsletter.<br \/>\n<\/label><label><br \/>\n<b>Finalitat del tractament:<\/b>\u00a0per consentiment de l\u2019interessat, mantenir una relaci\u00f3 comercial mitjan\u00e7ant l\u2019enviament de comunicacions dels nostres productes o serveis per mitj\u00e0 del Butllet\u00ed de Not\u00edcies al qual s\u2019ha subscrit.<br \/>\n<\/label><label><br \/>\n<b>Criteris de conservaci\u00f3 de les dades:<\/b>\u00a0es conservaran durant no m\u00e9s temps del que sigui necessari per mantenir la finalitat del tractament, i quan ja no sigui necessari per a aquesta finalitat, se suprimiran amb mesures de seguretat adequades per garantir la pseudonimitzaci\u00f3 de les dades o la seva destrucci\u00f3 total.<br \/>\n<\/label><label><br \/>\n<b>Comunicaci\u00f3 de les dades:<\/b>\u00a0no es comunicaran les dades a tercers, tret que sigui obligaci\u00f3 legal.<br \/>\n<\/label><label><br \/>\n<b>Drets que t\u00e9 l\u2019Interessat:<\/b>\u00a0Dret a retirar el consentiment en qualsevol moment. Dret d\u2019acc\u00e9s, rectificaci\u00f3, portabilitat i supressi\u00f3 de les seves dades i de limitaci\u00f3 o oposici\u00f3 al seu tractament. Dret a presentar una reclamaci\u00f3 davant l\u2019Autoritat de control (www.aepd.es) si considera que el tractament no s\u2019ajusta a la normativa vigent.<\/label><\/p>\n<\/div>\n","protected":false},"excerpt":{"rendered":"<p>Pol\u00edticas de Newsletter PUBLICITAT:D\u2019acord el que preveu l\u2019article 21 de  [&#8230;]<\/p>\n","protected":false},"author":1,"featured_media":0,"parent":0,"menu_order":0,"comment_status":"closed","ping_status":"closed","template":"100-width.php","meta":{"footnotes":""},"class_list":["post-737","page","type-page","status-publish","hentry"],"_links":{"self":[{"href":"https:\/\/melelremei.com\/ca\/wp-json\/wp\/v2\/pages\/737","targetHints":{"allow":["GET"]}}],"collection":[{"href":"https:\/\/melelremei.com\/ca\/wp-json\/wp\/v2\/pages"}],"about":[{"href":"https:\/\/melelremei.com\/ca\/wp-json\/wp\/v2\/types\/page"}],"author":[{"embeddable":true,"href":"https:\/\/melelremei.com\/ca\/wp-json\/wp\/v2\/users\/1"}],"replies":[{"embeddable":true,"href":"https:\/\/melelremei.com\/ca\/wp-json\/wp\/v2\/comments?post=737"}],"version-history":[{"count":1,"href":"https:\/\/melelremei.com\/ca\/wp-json\/wp\/v2\/pages\/737\/revisions"}],"predecessor-version":[{"id":758,"href":"https:\/\/melelremei.com\/ca\/wp-json\/wp\/v2\/pages\/737\/revisions\/758"}],"wp:attachment":[{"href":"https:\/\/melelremei.com\/ca\/wp-json\/wp\/v2\/media?parent=737"}],"curies":[{"name":"wp","href":"https:\/\/api.w.org\/{rel}","templated":true}]}}