{"id":816,"date":"2026-02-04T17:41:42","date_gmt":"2026-02-04T16:41:42","guid":{"rendered":"https:\/\/beta.whatmkt.com\/melelremei\/producto\/miel-bioactiva-lavanda-500g\/"},"modified":"2026-03-09T12:53:41","modified_gmt":"2026-03-09T11:53:41","slug":"mel-bioactiva-lavanda-500g","status":"publish","type":"product","link":"https:\/\/melelremei.com\/ca\/producte\/mel-bioactiva-lavanda-500g\/","title":{"rendered":"Mel bioactiva &#8211; Lavanda 500g"},"content":{"rendered":"","protected":false},"excerpt":{"rendered":"<p><strong>MEL PREMIUM\u00a0<\/strong><\/p>\n<p>El 2025, presentem amb orgull la nostra Mel Premium, un aut\u00e8ntic tresor nascut de les delicades flors de lavanda. El seu aroma subtil i floral, juntament amb el seu sabor suau i refinat, el converteixen en una delicadesa \u00fanica. M\u00e9s enll\u00e0 del seu gust exquisit, aquesta mel destaca per les seves extraordin\u00e0ries propietats terap\u00e8utiques, ideals per al benestar. El seu proc\u00e9s natural de cristal\u00b7litzaci\u00f3 ha preservat intactes totes les seves propietats bioactives, garantint que cada gota retingui la seva ess\u00e8ncia m\u00e9s pura. Una joia de la natura en la seva forma m\u00e9s pura.<\/p>\n<p>Aquesta mel es distingeix pel seu alt contingut d&#8217;enzims essencials, com ara la glucosa oxidasa, un component clau que en millora les propietats terap\u00e8utiques. Aquests enzims no nom\u00e9s contribueixen a la seva funcionalitat, sin\u00f3 que tamb\u00e9 converteixen la mel en una veritable font de salut natural.<\/p>\n<div class=\"et_pb_blurb_description\">\n<p>&nbsp;<\/p>\n<\/div>\n","protected":false},"featured_media":817,"comment_status":"open","ping_status":"closed","template":"","meta":[],"product_brand":[],"product_cat":[71],"product_tag":[73,74,75],"class_list":{"0":"post-816","1":"product","2":"type-product","3":"status-publish","4":"has-post-thumbnail","6":"product_cat-miel","7":"product_tag-bioactiva","8":"product_tag-mel","9":"product_tag-premium","11":"first","12":"instock","13":"shipping-taxable","14":"purchasable","15":"product-type-simple"},"_links":{"self":[{"href":"https:\/\/melelremei.com\/ca\/wp-json\/wp\/v2\/product\/816","targetHints":{"allow":["GET"]}}],"collection":[{"href":"https:\/\/melelremei.com\/ca\/wp-json\/wp\/v2\/product"}],"about":[{"href":"https:\/\/melelremei.com\/ca\/wp-json\/wp\/v2\/types\/product"}],"replies":[{"embeddable":true,"href":"https:\/\/melelremei.com\/ca\/wp-json\/wp\/v2\/comments?post=816"}],"wp:featuredmedia":[{"embeddable":true,"href":"https:\/\/melelremei.com\/ca\/wp-json\/wp\/v2\/media\/817"}],"wp:attachment":[{"href":"https:\/\/melelremei.com\/ca\/wp-json\/wp\/v2\/media?parent=816"}],"wp:term":[{"taxonomy":"product_brand","embeddable":true,"href":"https:\/\/melelremei.com\/ca\/wp-json\/wp\/v2\/product_brand?post=816"},{"taxonomy":"product_cat","embeddable":true,"href":"https:\/\/melelremei.com\/ca\/wp-json\/wp\/v2\/product_cat?post=816"},{"taxonomy":"product_tag","embeddable":true,"href":"https:\/\/melelremei.com\/ca\/wp-json\/wp\/v2\/product_tag?post=816"}],"curies":[{"name":"wp","href":"https:\/\/api.w.org\/{rel}","templated":true}]}}