{"id":818,"date":"2026-02-04T17:41:41","date_gmt":"2026-02-04T16:41:41","guid":{"rendered":"https:\/\/beta.whatmkt.com\/melelremei\/producto\/jarabe-de-propoleo-250ml\/"},"modified":"2026-03-10T16:31:51","modified_gmt":"2026-03-10T15:31:51","slug":"sirup-de-propolis-250-ml","status":"publish","type":"product","link":"https:\/\/melelremei.com\/ca\/producte\/sirup-de-propolis-250-ml\/","title":{"rendered":"Xarop de pr\u00f2polis 250 ml"},"content":{"rendered":"<h2>Xarop de pr\u00f2polis 250 ml<\/h2>\n<p>Xarop natural amb pr\u00f2polis com a ingredient actiu per a la cura de les vies respirat\u00f2ries.<\/p>\n<p>Preneu 10 ml al dia abans dels \u00e0pats.<\/p>\n","protected":false},"excerpt":{"rendered":"<p>El pr\u00f2polis va acompanyat d&#8217;extractes de plantes que actuen en la prevenci\u00f3 i la protecci\u00f3 de les vies respirat\u00f2ries, augmentant els mecanismes de defensa de l&#8217;organisme. Antiinflamatori, antitussiu i mucol\u00edtic, flu\u00efdifica les mucoses i ajuda a expectorar. No t\u00e9 gluten.<\/p>\n<p>Es recomana prendre&#8217;l tres vegades al dia; adults una cullerada sopera (15 ml) i nens una cullerada petita (10 ml). El xarop de pr\u00f2polis ecol\u00f2gic ve en un pot amb un contingut de 250 ml.<\/p>\n","protected":false},"featured_media":819,"comment_status":"open","ping_status":"closed","template":"","meta":[],"product_brand":[],"product_cat":[76],"product_tag":[],"class_list":{"0":"post-818","1":"product","2":"type-product","3":"status-publish","4":"has-post-thumbnail","6":"product_cat-derivados-de-las-abejas","8":"first","9":"instock","10":"shipping-taxable","11":"purchasable","12":"product-type-simple"},"_links":{"self":[{"href":"https:\/\/melelremei.com\/ca\/wp-json\/wp\/v2\/product\/818","targetHints":{"allow":["GET"]}}],"collection":[{"href":"https:\/\/melelremei.com\/ca\/wp-json\/wp\/v2\/product"}],"about":[{"href":"https:\/\/melelremei.com\/ca\/wp-json\/wp\/v2\/types\/product"}],"replies":[{"embeddable":true,"href":"https:\/\/melelremei.com\/ca\/wp-json\/wp\/v2\/comments?post=818"}],"wp:featuredmedia":[{"embeddable":true,"href":"https:\/\/melelremei.com\/ca\/wp-json\/wp\/v2\/media\/819"}],"wp:attachment":[{"href":"https:\/\/melelremei.com\/ca\/wp-json\/wp\/v2\/media?parent=818"}],"wp:term":[{"taxonomy":"product_brand","embeddable":true,"href":"https:\/\/melelremei.com\/ca\/wp-json\/wp\/v2\/product_brand?post=818"},{"taxonomy":"product_cat","embeddable":true,"href":"https:\/\/melelremei.com\/ca\/wp-json\/wp\/v2\/product_cat?post=818"},{"taxonomy":"product_tag","embeddable":true,"href":"https:\/\/melelremei.com\/ca\/wp-json\/wp\/v2\/product_tag?post=818"}],"curies":[{"name":"wp","href":"https:\/\/api.w.org\/{rel}","templated":true}]}}