{"id":824,"date":"2026-02-04T17:41:41","date_gmt":"2026-02-04T16:41:41","guid":{"rendered":"https:\/\/beta.whatmkt.com\/melelremei\/producto\/capsulas-de-propolis-y-equinacea-500-mg-120-capsulas\/"},"modified":"2026-03-10T16:32:59","modified_gmt":"2026-03-10T15:32:59","slug":"capsules-de-propolis-i-equinacia-500-mg-120-capsules","status":"publish","type":"product","link":"https:\/\/melelremei.com\/ca\/producte\/capsules-de-propolis-i-equinacia-500-mg-120-capsules\/","title":{"rendered":"C\u00e0psules de pr\u00f2polis i equin\u00e0cia 500 mg &#8211; 120 c\u00e0psules"},"content":{"rendered":"<div id=\"short_description_block\">\n<div id=\"short_description_content\" class=\"rte align_justify\">\n<p>Suplement alimentari en c\u00e0psules de 500 mg elaborat amb pr\u00f2polis i equin\u00e0cia que ajuda a activar el sistema immunitari i les defenses.<\/p>\n<p>\u00c9s un suplement alimentari en c\u00e0psules de 500 mg compost per pr\u00f2polis i extracte d&#8217;equin\u00e0cia.<\/p>\n<p>\u00c9s un suplement nutricional que ajuda a activar el sistema immunitari i les defenses.<\/p>\n<p>T\u00e9 propietats antiinflamat\u00f2ries i anti\u00e0l\u00b7lergiques que contribueixen al benestar de les persones.<\/p>\n<p>Un remei natural per prevenir refredats i donar suport al nostre sistema immunitari.<\/p>\n<p>La pr\u00f2polis s&#8217;utilitza en la medicina tradicional com a antiseptica i antiinflamat\u00f2ria natural.<\/p>\n<p>Es recomana prendre d&#8217;una a dues c\u00e0psules al dia amb un l\u00edquid.<\/p>\n<\/div>\n<\/div>\n","protected":false},"excerpt":{"rendered":"<p>C\u00e0psules de pr\u00f2polis i echinacea. 120 c\u00e0psules x 500 mg = 350 mg + 150 mg Equinacea. Suplement nutricional que ajuda a activar el sistema immune i les defenses.<\/p>\n<p>Quan es produeixen canvis bruscos de temperatura les defenses del cos disminueixen i \u00e9s normal que acabem agafant refredats o malestars, per aix\u00f2 porta un suplement alimentari que ser\u00e0 la teva millor companyia per aquests dies!<\/p>\n<p>\u00c9s recomanable prendre d&#8217;1 a dues c\u00e0psules al dia juntament amb una mica de l\u00edquid.<\/p>\n","protected":false},"featured_media":825,"comment_status":"open","ping_status":"closed","template":"","meta":[],"product_brand":[],"product_cat":[76],"product_tag":[],"class_list":{"0":"post-824","1":"product","2":"type-product","3":"status-publish","4":"has-post-thumbnail","6":"product_cat-derivados-de-las-abejas","8":"first","9":"instock","10":"shipping-taxable","11":"purchasable","12":"product-type-simple"},"_links":{"self":[{"href":"https:\/\/melelremei.com\/ca\/wp-json\/wp\/v2\/product\/824","targetHints":{"allow":["GET"]}}],"collection":[{"href":"https:\/\/melelremei.com\/ca\/wp-json\/wp\/v2\/product"}],"about":[{"href":"https:\/\/melelremei.com\/ca\/wp-json\/wp\/v2\/types\/product"}],"replies":[{"embeddable":true,"href":"https:\/\/melelremei.com\/ca\/wp-json\/wp\/v2\/comments?post=824"}],"wp:featuredmedia":[{"embeddable":true,"href":"https:\/\/melelremei.com\/ca\/wp-json\/wp\/v2\/media\/825"}],"wp:attachment":[{"href":"https:\/\/melelremei.com\/ca\/wp-json\/wp\/v2\/media?parent=824"}],"wp:term":[{"taxonomy":"product_brand","embeddable":true,"href":"https:\/\/melelremei.com\/ca\/wp-json\/wp\/v2\/product_brand?post=824"},{"taxonomy":"product_cat","embeddable":true,"href":"https:\/\/melelremei.com\/ca\/wp-json\/wp\/v2\/product_cat?post=824"},{"taxonomy":"product_tag","embeddable":true,"href":"https:\/\/melelremei.com\/ca\/wp-json\/wp\/v2\/product_tag?post=824"}],"curies":[{"name":"wp","href":"https:\/\/api.w.org\/{rel}","templated":true}]}}