{"id":828,"date":"2026-02-04T17:41:19","date_gmt":"2026-02-04T16:41:19","guid":{"rendered":"https:\/\/beta.whatmkt.com\/melelremei\/producto\/unguento-de-propoleo-30g\/"},"modified":"2026-03-10T16:30:28","modified_gmt":"2026-03-10T15:30:28","slug":"unguent-de-propolis-30-g","status":"publish","type":"product","link":"https:\/\/melelremei.com\/ca\/producte\/unguent-de-propolis-30-g\/","title":{"rendered":"Ung\u00fcent de pr\u00f2polis 30 g"},"content":{"rendered":"<p>Hidrata i protegeix la pell.<\/p>\n","protected":false},"excerpt":{"rendered":"<p>Ung\u00fcent ecol\u00f2gic de pr\u00f2polis: pomada regeneradora d\u00e8rmica indicada en tot tipus de problemes cutanis: irritaci\u00f3, cremades, cicatritzaci\u00f3 de ferides, inflamacions, \u00e8czemes, psoriasi, dermatitis, acne, fur\u00f3ncols, fongs, hemorroides, fistules anals, pristles anals. Ung\u00fcent ecol\u00f2gic Propol-mel es pot utilitzar tamb\u00e9 com a regenerador facial en pells molt deteriorades.<\/p>\n","protected":false},"featured_media":829,"comment_status":"open","ping_status":"closed","template":"","meta":[],"product_brand":[],"product_cat":[76],"product_tag":[],"class_list":{"0":"post-828","1":"product","2":"type-product","3":"status-publish","4":"has-post-thumbnail","6":"product_cat-derivados-de-las-abejas","8":"first","9":"instock","10":"shipping-taxable","11":"purchasable","12":"product-type-simple"},"_links":{"self":[{"href":"https:\/\/melelremei.com\/ca\/wp-json\/wp\/v2\/product\/828","targetHints":{"allow":["GET"]}}],"collection":[{"href":"https:\/\/melelremei.com\/ca\/wp-json\/wp\/v2\/product"}],"about":[{"href":"https:\/\/melelremei.com\/ca\/wp-json\/wp\/v2\/types\/product"}],"replies":[{"embeddable":true,"href":"https:\/\/melelremei.com\/ca\/wp-json\/wp\/v2\/comments?post=828"}],"wp:featuredmedia":[{"embeddable":true,"href":"https:\/\/melelremei.com\/ca\/wp-json\/wp\/v2\/media\/829"}],"wp:attachment":[{"href":"https:\/\/melelremei.com\/ca\/wp-json\/wp\/v2\/media?parent=828"}],"wp:term":[{"taxonomy":"product_brand","embeddable":true,"href":"https:\/\/melelremei.com\/ca\/wp-json\/wp\/v2\/product_brand?post=828"},{"taxonomy":"product_cat","embeddable":true,"href":"https:\/\/melelremei.com\/ca\/wp-json\/wp\/v2\/product_cat?post=828"},{"taxonomy":"product_tag","embeddable":true,"href":"https:\/\/melelremei.com\/ca\/wp-json\/wp\/v2\/product_tag?post=828"}],"curies":[{"name":"wp","href":"https:\/\/api.w.org\/{rel}","templated":true}]}}