{"id":830,"date":"2026-02-04T17:41:19","date_gmt":"2026-02-04T16:41:19","guid":{"rendered":"https:\/\/beta.whatmkt.com\/melelremei\/producto\/champu-de-propoleo-250g\/"},"modified":"2026-03-10T16:31:19","modified_gmt":"2026-03-10T15:31:19","slug":"xampu-de-propolis-250-g","status":"publish","type":"product","link":"https:\/\/melelremei.com\/ca\/producte\/xampu-de-propolis-250-g\/","title":{"rendered":"Xamp\u00fa de pr\u00f2polis 250 g"},"content":{"rendered":"<p>Xamp\u00fa diari a base de pr\u00f2polis per a tots els tipus de cabell.<\/p>\n","protected":false},"excerpt":{"rendered":"<p>El xamp\u00fa natural (Xamp\u00fa de pr\u00f2polis natural) de pH neutre d&#8217;\u00fas diari per a tot tipus de cabells. Regenera, hidrata, suavitza i d\u00f3na brillantor i volum als cabells. Tamb\u00e9 indicat a totes les alteracions del cuir cabellut (caspa, greix, irritacions, escamacions, psoriasi\u2026).<\/p>\n","protected":false},"featured_media":831,"comment_status":"open","ping_status":"closed","template":"","meta":[],"product_brand":[],"product_cat":[76],"product_tag":[],"class_list":{"0":"post-830","1":"product","2":"type-product","3":"status-publish","4":"has-post-thumbnail","6":"product_cat-derivados-de-las-abejas","8":"first","9":"instock","10":"shipping-taxable","11":"purchasable","12":"product-type-simple"},"_links":{"self":[{"href":"https:\/\/melelremei.com\/ca\/wp-json\/wp\/v2\/product\/830","targetHints":{"allow":["GET"]}}],"collection":[{"href":"https:\/\/melelremei.com\/ca\/wp-json\/wp\/v2\/product"}],"about":[{"href":"https:\/\/melelremei.com\/ca\/wp-json\/wp\/v2\/types\/product"}],"replies":[{"embeddable":true,"href":"https:\/\/melelremei.com\/ca\/wp-json\/wp\/v2\/comments?post=830"}],"wp:featuredmedia":[{"embeddable":true,"href":"https:\/\/melelremei.com\/ca\/wp-json\/wp\/v2\/media\/831"}],"wp:attachment":[{"href":"https:\/\/melelremei.com\/ca\/wp-json\/wp\/v2\/media?parent=830"}],"wp:term":[{"taxonomy":"product_brand","embeddable":true,"href":"https:\/\/melelremei.com\/ca\/wp-json\/wp\/v2\/product_brand?post=830"},{"taxonomy":"product_cat","embeddable":true,"href":"https:\/\/melelremei.com\/ca\/wp-json\/wp\/v2\/product_cat?post=830"},{"taxonomy":"product_tag","embeddable":true,"href":"https:\/\/melelremei.com\/ca\/wp-json\/wp\/v2\/product_tag?post=830"}],"curies":[{"name":"wp","href":"https:\/\/api.w.org\/{rel}","templated":true}]}}