{"id":832,"date":"2026-02-04T17:41:18","date_gmt":"2026-02-04T16:41:18","guid":{"rendered":"https:\/\/beta.whatmkt.com\/melelremei\/producto\/crema-regeneradora-de-manos-y-pies-con-propoleo-100ml\/"},"modified":"2026-03-10T16:30:56","modified_gmt":"2026-03-10T15:30:56","slug":"crema-regenerant-per-a-mans-i-peus-amb-propolis-100ml","status":"publish","type":"product","link":"https:\/\/melelremei.com\/ca\/producte\/crema-regenerant-per-a-mans-i-peus-amb-propolis-100ml\/","title":{"rendered":"Crema regeneradora de mans i peus amb pr\u00f2polis 100ml"},"content":{"rendered":"<p>Crema regeneradora per a mans i peus feta amb pr\u00f2polis natural i olis vegetals.<\/p>\n<p>Crema ideal per a cuidar la pell de les mans, els peus, els colzes i els genolls.<\/p>\n<p>Formula natural d&#8217;absorci\u00f3 r\u00e0pida.<\/p>\n<p>Pot reduir les imperfeccions de la pell amb l&#8217;\u00fas continuat.<\/p>\n<p>Crema regeneradora per a mans i peus amb pr\u00f2polis, apta per a tots els tipus de pell.<\/p>\n","protected":false},"excerpt":{"rendered":"<p>F\u00f3rmula no greixosa de r\u00e0pida absorci\u00f3. Nodreix, hidrata, regenera i protegeix mans, peus, colzes i genolls. El seu \u00fas continuat atenua les taques de les mans (gr\u00e0cies a lacci\u00f3 de la rosa mosqueta). I l&#8217;hip\u00e8ric \u00e9s calmant i antidolor. Apta per a tot tipus de pells, cal utilitzar m\u00e9s o menys quantitat de crema segons la tipologia de la pell.<\/p>\n","protected":false},"featured_media":833,"comment_status":"open","ping_status":"closed","template":"","meta":[],"product_brand":[],"product_cat":[76],"product_tag":[],"class_list":{"0":"post-832","1":"product","2":"type-product","3":"status-publish","4":"has-post-thumbnail","6":"product_cat-derivados-de-las-abejas","8":"first","9":"instock","10":"shipping-taxable","11":"purchasable","12":"product-type-simple"},"_links":{"self":[{"href":"https:\/\/melelremei.com\/ca\/wp-json\/wp\/v2\/product\/832","targetHints":{"allow":["GET"]}}],"collection":[{"href":"https:\/\/melelremei.com\/ca\/wp-json\/wp\/v2\/product"}],"about":[{"href":"https:\/\/melelremei.com\/ca\/wp-json\/wp\/v2\/types\/product"}],"replies":[{"embeddable":true,"href":"https:\/\/melelremei.com\/ca\/wp-json\/wp\/v2\/comments?post=832"}],"wp:featuredmedia":[{"embeddable":true,"href":"https:\/\/melelremei.com\/ca\/wp-json\/wp\/v2\/media\/833"}],"wp:attachment":[{"href":"https:\/\/melelremei.com\/ca\/wp-json\/wp\/v2\/media?parent=832"}],"wp:term":[{"taxonomy":"product_brand","embeddable":true,"href":"https:\/\/melelremei.com\/ca\/wp-json\/wp\/v2\/product_brand?post=832"},{"taxonomy":"product_cat","embeddable":true,"href":"https:\/\/melelremei.com\/ca\/wp-json\/wp\/v2\/product_cat?post=832"},{"taxonomy":"product_tag","embeddable":true,"href":"https:\/\/melelremei.com\/ca\/wp-json\/wp\/v2\/product_tag?post=832"}],"curies":[{"name":"wp","href":"https:\/\/api.w.org\/{rel}","templated":true}]}}