{"id":834,"date":"2026-02-04T17:41:18","date_gmt":"2026-02-04T16:41:18","guid":{"rendered":"https:\/\/beta.whatmkt.com\/melelremei\/producto\/crema-facial-regeneradora-de-propoleo-50g\/"},"modified":"2026-03-09T12:20:02","modified_gmt":"2026-03-09T11:20:02","slug":"crema-facial-regenerant-de-propolis-50-g","status":"publish","type":"product","link":"https:\/\/melelremei.com\/ca\/producte\/crema-facial-regenerant-de-propolis-50-g\/","title":{"rendered":"Crema facial regeneradora de pr\u00f2polis 50 g"},"content":{"rendered":"","protected":false},"excerpt":{"rendered":"<p>Crema regeneradora facial natural dia i nit. F\u00f3rmula no greixosa de r\u00e0pida absorci\u00f3. Nodreix, regenera, reafirma i hidrata.<\/p>\n<p>El seu \u00fas continuat atenua les arrugues i les taques (gr\u00e0cies a l&#8217;acci\u00f3 de la rosa mosqueta). Id\u00f2nia per a cara, contorn d&#8217;ulls, coll i escot.<\/p>\n<p>Apta per a tot tipus de pells, cal utilitzar m\u00e9s o menys quantitat de crema segons la tipologia de la pell. Aquesta crema es pot alternar i\/o complementar amb l&#8217;ung\u00fcent de pr\u00f2polis propol-mel. Tamb\u00e9 \u00e9s un excel\u00b7lent &#8220;aftersun&#8221;.<\/p>\n","protected":false},"featured_media":835,"comment_status":"open","ping_status":"closed","template":"","meta":[],"product_brand":[],"product_cat":[76],"product_tag":[],"class_list":{"0":"post-834","1":"product","2":"type-product","3":"status-publish","4":"has-post-thumbnail","6":"product_cat-derivados-de-las-abejas","8":"first","9":"instock","10":"shipping-taxable","11":"purchasable","12":"product-type-simple"},"_links":{"self":[{"href":"https:\/\/melelremei.com\/ca\/wp-json\/wp\/v2\/product\/834","targetHints":{"allow":["GET"]}}],"collection":[{"href":"https:\/\/melelremei.com\/ca\/wp-json\/wp\/v2\/product"}],"about":[{"href":"https:\/\/melelremei.com\/ca\/wp-json\/wp\/v2\/types\/product"}],"replies":[{"embeddable":true,"href":"https:\/\/melelremei.com\/ca\/wp-json\/wp\/v2\/comments?post=834"}],"wp:featuredmedia":[{"embeddable":true,"href":"https:\/\/melelremei.com\/ca\/wp-json\/wp\/v2\/media\/835"}],"wp:attachment":[{"href":"https:\/\/melelremei.com\/ca\/wp-json\/wp\/v2\/media?parent=834"}],"wp:term":[{"taxonomy":"product_brand","embeddable":true,"href":"https:\/\/melelremei.com\/ca\/wp-json\/wp\/v2\/product_brand?post=834"},{"taxonomy":"product_cat","embeddable":true,"href":"https:\/\/melelremei.com\/ca\/wp-json\/wp\/v2\/product_cat?post=834"},{"taxonomy":"product_tag","embeddable":true,"href":"https:\/\/melelremei.com\/ca\/wp-json\/wp\/v2\/product_tag?post=834"}],"curies":[{"name":"wp","href":"https:\/\/api.w.org\/{rel}","templated":true}]}}