{"id":836,"date":"2026-02-04T17:41:18","date_gmt":"2026-02-04T16:41:18","guid":{"rendered":"https:\/\/beta.whatmkt.com\/melelremei\/producto\/dentifrico-de-propoleo-100g\/"},"modified":"2026-03-10T16:30:48","modified_gmt":"2026-03-10T15:30:48","slug":"dentifric-de-propolis-100-g","status":"publish","type":"product","link":"https:\/\/melelremei.com\/ca\/producte\/dentifric-de-propolis-100-g\/","title":{"rendered":"Dent\u00edfric de pr\u00f2polis 100 g"},"content":{"rendered":"<h2>Dent\u00edfric de pr\u00f2polis natural<\/h2>\n<p>Dent\u00edfric amb una f\u00f3rmula espec\u00edfica per netejar les dents amb ingredients naturals com el pr\u00f2polis. Les propietats dels seus ingredients naturals li permeten actuar com a agent antitaques i blanquejador sense amena\u00e7ar la integritat de l&#8217;esmalt dental. Ingredients actius.<\/p>\n<p>La pasta de dents de propolis natural \u00e9s una f\u00f3rmula espec\u00edfica per netejar les dents amb ingredients naturals com la propolis. Les propietats dels seus ingredients naturals li permeten actuar com a agent antitaques i blanquejador sense amena\u00e7ar la integritat de l&#8217;esmalt dental. Els ingredients actius com la propolis s\u00f3n antiseptics naturals que eliminen els bacteris que causen mals olors i la c\u00e0ries dental.<\/p>\n<p>No cont\u00e9 additius ni aromes artificials. L&#8217;olor \u00e9s simplement el resultat dels ingredients.<\/p>\n<h3>Com s&#8217;ha d&#8217;utilitzar la pasta de dents natural de pr\u00f2polis?<\/h3>\n<p>Es recomana raspallar-se les dents despr\u00e9s de cada \u00e0pat i almenys tres cops al dia, utilitzant una quantitat moderada de pasta de dents.<\/p>\n","protected":false},"excerpt":{"rendered":"<p>Dentifrici natural. El pr\u00f2polis actua com a regenerador i fortificant de les genives, remineralitzant dental i antic\u00e0ries. El carbonat de calci i el caol\u00ed s\u00f3n agents antisarro que no fan malb\u00e9 l&#8217;esmalt. L&#8217;extracte de s\u00e0lvia i el suc de poma s\u00f3n blanquejants naturals. El pr\u00f2polis, el gingebre, l&#8217;arbre del te i l&#8217;oli essencial de llimona s\u00f3n bactericides. No t\u00e9 fluor, menta ni derivats. \u00c9s apte en tractaments homeop\u00e0tics.<\/p>\n<p>A banda de les seves propietats b\u00e0siques (desinfectant, antiplaca, antic\u00e0ries i remineralitzant dental) est\u00e0 indicat tamb\u00e9 per a totes aquelles persones que tinguin afeccions tals com a periodontitis (piorrea), gingivitis (sagnat i inflamaci\u00f3 de genives), nafres a la cavitat bucal i genives i dents. Si en aquests casos es complementa l&#8217;\u00fas del dentifrici amb la tintura de pr\u00f2polis (dissolta en aigua) a manera d&#8217;elixir al final del rentat, l&#8217;efectivitat es veu multiplicada.<\/p>\n","protected":false},"featured_media":837,"comment_status":"open","ping_status":"closed","template":"","meta":[],"product_brand":[],"product_cat":[76],"product_tag":[],"class_list":{"0":"post-836","1":"product","2":"type-product","3":"status-publish","4":"has-post-thumbnail","6":"product_cat-derivados-de-las-abejas","8":"first","9":"instock","10":"shipping-taxable","11":"purchasable","12":"product-type-simple"},"_links":{"self":[{"href":"https:\/\/melelremei.com\/ca\/wp-json\/wp\/v2\/product\/836","targetHints":{"allow":["GET"]}}],"collection":[{"href":"https:\/\/melelremei.com\/ca\/wp-json\/wp\/v2\/product"}],"about":[{"href":"https:\/\/melelremei.com\/ca\/wp-json\/wp\/v2\/types\/product"}],"replies":[{"embeddable":true,"href":"https:\/\/melelremei.com\/ca\/wp-json\/wp\/v2\/comments?post=836"}],"wp:featuredmedia":[{"embeddable":true,"href":"https:\/\/melelremei.com\/ca\/wp-json\/wp\/v2\/media\/837"}],"wp:attachment":[{"href":"https:\/\/melelremei.com\/ca\/wp-json\/wp\/v2\/media?parent=836"}],"wp:term":[{"taxonomy":"product_brand","embeddable":true,"href":"https:\/\/melelremei.com\/ca\/wp-json\/wp\/v2\/product_brand?post=836"},{"taxonomy":"product_cat","embeddable":true,"href":"https:\/\/melelremei.com\/ca\/wp-json\/wp\/v2\/product_cat?post=836"},{"taxonomy":"product_tag","embeddable":true,"href":"https:\/\/melelremei.com\/ca\/wp-json\/wp\/v2\/product_tag?post=836"}],"curies":[{"name":"wp","href":"https:\/\/api.w.org\/{rel}","templated":true}]}}