{"id":840,"date":"2026-02-04T17:41:18","date_gmt":"2026-02-04T16:41:18","guid":{"rendered":"https:\/\/beta.whatmkt.com\/melelremei\/producto\/locion-corporal-de-propoleo-300ml\/"},"modified":"2026-03-10T16:31:05","modified_gmt":"2026-03-10T15:31:05","slug":"llet-corporal-de-propolis-300-ml","status":"publish","type":"product","link":"https:\/\/melelremei.com\/ca\/producte\/llet-corporal-de-propolis-300-ml\/","title":{"rendered":"Loci\u00f3 corporal de pr\u00f2polis 300 ml"},"content":{"rendered":"<h2>Llet corporal regenerant de propolis de 300 ml<\/h2>\n<p>Llet corporal d&#8217;absorci\u00f3 r\u00e0pida amb els beneficis de la propolis.<\/p>\n<p>Ajuda a regenerar, hidratar i restaurar la fermesa de la pell.<\/p>\n<p>Adequat per a tot tipus de pell, ajustant la quantitat a utilitzar segons el teu tipus de pell.<\/p>\n","protected":false},"excerpt":{"rendered":"<p>Loci\u00f3 corporal natural: f\u00f3rmula no greixosa de r\u00e0pida absorci\u00f3. Creada per nodrir, regenerar, reafirmar i hidratar la pell. El seu \u00fas continuat atenua les taques gr\u00e0cies a lacci\u00f3 de rosa mosqueta. Apta per a tot tipus de pells, cal utilitzar m\u00e9s o menys quantitat de crema segons la tipologia de la pell. Tamb\u00e9 \u00e9s un excel\u00b7lent \u201caftersun\u201c.<\/p>\n","protected":false},"featured_media":841,"comment_status":"open","ping_status":"closed","template":"","meta":[],"product_brand":[],"product_cat":[76],"product_tag":[],"class_list":{"0":"post-840","1":"product","2":"type-product","3":"status-publish","4":"has-post-thumbnail","6":"product_cat-derivados-de-las-abejas","8":"first","9":"instock","10":"shipping-taxable","11":"purchasable","12":"product-type-simple"},"_links":{"self":[{"href":"https:\/\/melelremei.com\/ca\/wp-json\/wp\/v2\/product\/840","targetHints":{"allow":["GET"]}}],"collection":[{"href":"https:\/\/melelremei.com\/ca\/wp-json\/wp\/v2\/product"}],"about":[{"href":"https:\/\/melelremei.com\/ca\/wp-json\/wp\/v2\/types\/product"}],"replies":[{"embeddable":true,"href":"https:\/\/melelremei.com\/ca\/wp-json\/wp\/v2\/comments?post=840"}],"wp:featuredmedia":[{"embeddable":true,"href":"https:\/\/melelremei.com\/ca\/wp-json\/wp\/v2\/media\/841"}],"wp:attachment":[{"href":"https:\/\/melelremei.com\/ca\/wp-json\/wp\/v2\/media?parent=840"}],"wp:term":[{"taxonomy":"product_brand","embeddable":true,"href":"https:\/\/melelremei.com\/ca\/wp-json\/wp\/v2\/product_brand?post=840"},{"taxonomy":"product_cat","embeddable":true,"href":"https:\/\/melelremei.com\/ca\/wp-json\/wp\/v2\/product_cat?post=840"},{"taxonomy":"product_tag","embeddable":true,"href":"https:\/\/melelremei.com\/ca\/wp-json\/wp\/v2\/product_tag?post=840"}],"curies":[{"name":"wp","href":"https:\/\/api.w.org\/{rel}","templated":true}]}}