{"id":842,"date":"2026-02-04T17:41:18","date_gmt":"2026-02-04T16:41:18","guid":{"rendered":"https:\/\/beta.whatmkt.com\/melelremei\/producto\/protector-labial-propoleo-5g\/"},"modified":"2026-03-10T16:30:38","modified_gmt":"2026-03-10T15:30:38","slug":"balsam-de-llavis-de-propolis-5-g","status":"publish","type":"product","link":"https:\/\/melelremei.com\/ca\/producte\/balsam-de-llavis-de-propolis-5-g\/","title":{"rendered":"B\u00e0lsam de llavis de pr\u00f2polis 5 g"},"content":{"rendered":"<p>B\u00e0lsam de llavis a base de pr\u00f2polis. Cuida i hidrata els llavis per combatre els efectes del vent, els canvis de temperatura i la radiaci\u00f3 solar.<\/p>\n<p>Es pot aplicar tantes vegades com calgui.<\/p>\n","protected":false},"excerpt":{"rendered":"<p>Protector labial natural. Nodreix, regenera i hidrata. Preveu les esquerdes i el fotoenvelliment i \u00e9s adequat en cas d&#8217;herpes labials (calentures). Excel\u00b7lent per protegir el contorn dels llavis i dels ulls quan fa molt de fred. M\u00e0xima efic\u00e0cia.<\/p>\n","protected":false},"featured_media":843,"comment_status":"open","ping_status":"closed","template":"","meta":[],"product_brand":[],"product_cat":[76],"product_tag":[],"class_list":{"0":"post-842","1":"product","2":"type-product","3":"status-publish","4":"has-post-thumbnail","6":"product_cat-derivados-de-las-abejas","8":"first","9":"instock","10":"shipping-taxable","11":"purchasable","12":"product-type-simple"},"_links":{"self":[{"href":"https:\/\/melelremei.com\/ca\/wp-json\/wp\/v2\/product\/842","targetHints":{"allow":["GET"]}}],"collection":[{"href":"https:\/\/melelremei.com\/ca\/wp-json\/wp\/v2\/product"}],"about":[{"href":"https:\/\/melelremei.com\/ca\/wp-json\/wp\/v2\/types\/product"}],"replies":[{"embeddable":true,"href":"https:\/\/melelremei.com\/ca\/wp-json\/wp\/v2\/comments?post=842"}],"wp:featuredmedia":[{"embeddable":true,"href":"https:\/\/melelremei.com\/ca\/wp-json\/wp\/v2\/media\/843"}],"wp:attachment":[{"href":"https:\/\/melelremei.com\/ca\/wp-json\/wp\/v2\/media?parent=842"}],"wp:term":[{"taxonomy":"product_brand","embeddable":true,"href":"https:\/\/melelremei.com\/ca\/wp-json\/wp\/v2\/product_brand?post=842"},{"taxonomy":"product_cat","embeddable":true,"href":"https:\/\/melelremei.com\/ca\/wp-json\/wp\/v2\/product_cat?post=842"},{"taxonomy":"product_tag","embeddable":true,"href":"https:\/\/melelremei.com\/ca\/wp-json\/wp\/v2\/product_tag?post=842"}],"curies":[{"name":"wp","href":"https:\/\/api.w.org\/{rel}","templated":true}]}}