{"id":844,"date":"2026-02-04T17:41:18","date_gmt":"2026-02-04T16:41:18","guid":{"rendered":"https:\/\/beta.whatmkt.com\/melelremei\/producto\/jabon-de-propoleo-100g\/"},"modified":"2026-03-10T16:31:10","modified_gmt":"2026-03-10T15:31:10","slug":"sabo-de-propolis-100-g","status":"publish","type":"product","link":"https:\/\/melelremei.com\/ca\/producte\/sabo-de-propolis-100-g\/","title":{"rendered":"Sab\u00f3 de pr\u00f2polis 100 g"},"content":{"rendered":"<h2>Sab\u00f3 de prop\u00f2lisi natural 200 g<\/h2>\n<p>Sab\u00f3 de prop\u00f2lisi amb efecte regenerador apte per a tot tipus de pell: pell greixosa, pell seca, pell normal, pell acneica, pell sensible, etc.<\/p>\n<p>Es pot utilitzar a tot el cos.<\/p>\n<p>Sense additius artificials.<\/p>\n","protected":false},"excerpt":{"rendered":"<p>El sab\u00f3 de pr\u00f2polis ecol\u00f2gic i el gel de bany s\u00f3n nutritius, regeneradors, hidratants i antis\u00e8ptics, aptes per a tot tipus de pells. Creat per a la higiene de tot el cos i per a pells amb alteracions espec\u00edfiques i per a pells que requereixin cures especials (acne, pells sensibles, dermatitis, etc).<\/p>\n","protected":false},"featured_media":845,"comment_status":"open","ping_status":"closed","template":"","meta":[],"product_brand":[],"product_cat":[76],"product_tag":[],"class_list":{"0":"post-844","1":"product","2":"type-product","3":"status-publish","4":"has-post-thumbnail","6":"product_cat-derivados-de-las-abejas","8":"first","9":"instock","10":"shipping-taxable","11":"purchasable","12":"product-type-simple"},"_links":{"self":[{"href":"https:\/\/melelremei.com\/ca\/wp-json\/wp\/v2\/product\/844","targetHints":{"allow":["GET"]}}],"collection":[{"href":"https:\/\/melelremei.com\/ca\/wp-json\/wp\/v2\/product"}],"about":[{"href":"https:\/\/melelremei.com\/ca\/wp-json\/wp\/v2\/types\/product"}],"replies":[{"embeddable":true,"href":"https:\/\/melelremei.com\/ca\/wp-json\/wp\/v2\/comments?post=844"}],"wp:featuredmedia":[{"embeddable":true,"href":"https:\/\/melelremei.com\/ca\/wp-json\/wp\/v2\/media\/845"}],"wp:attachment":[{"href":"https:\/\/melelremei.com\/ca\/wp-json\/wp\/v2\/media?parent=844"}],"wp:term":[{"taxonomy":"product_brand","embeddable":true,"href":"https:\/\/melelremei.com\/ca\/wp-json\/wp\/v2\/product_brand?post=844"},{"taxonomy":"product_cat","embeddable":true,"href":"https:\/\/melelremei.com\/ca\/wp-json\/wp\/v2\/product_cat?post=844"},{"taxonomy":"product_tag","embeddable":true,"href":"https:\/\/melelremei.com\/ca\/wp-json\/wp\/v2\/product_tag?post=844"}],"curies":[{"name":"wp","href":"https:\/\/api.w.org\/{rel}","templated":true}]}}