{"id":846,"date":"2026-02-04T17:41:18","date_gmt":"2026-02-04T16:41:18","guid":{"rendered":"https:\/\/beta.whatmkt.com\/melelremei\/producto\/spray-bucal-de-propoleo-20ml\/"},"modified":"2026-03-10T16:32:16","modified_gmt":"2026-03-10T15:32:16","slug":"espray-bucal-de-propolis-20-ml","status":"publish","type":"product","link":"https:\/\/melelremei.com\/ca\/producte\/espray-bucal-de-propolis-20-ml\/","title":{"rendered":"Espray bucal de pr\u00f2polis 20 ml"},"content":{"rendered":"<h2>Espray bucal de pr\u00f2polis 20 ml<\/h2>\n<p>Espray bucal amb pr\u00f2polis indicat per a la higiene bucal i el cuidat de la gola. El pr\u00f2polis \u00e9s un antiseptica natural, per la qual cosa neteja i calma immediatament.<\/p>\n<p>\u00das recomanat: 4-5 vegades al dia.<\/p>\n","protected":false},"excerpt":{"rendered":"<p>Mant\u00e9 l&#8217;al\u00e8 fresc i la boca i la gola protegides. L&#8217;esprai de pr\u00f2polis ecol\u00f2gic est\u00e0 especialment indicat en aftes bucals, irritaci\u00f3 de la gola, afonia, cicatritzaci\u00f3 de ferides i d&#8217;ortod\u00f2ncies, i d&#8217;altres mol\u00e8sties diverses.<\/p>\n","protected":false},"featured_media":847,"comment_status":"open","ping_status":"closed","template":"","meta":[],"product_brand":[],"product_cat":[76],"product_tag":[],"class_list":{"0":"post-846","1":"product","2":"type-product","3":"status-publish","4":"has-post-thumbnail","6":"product_cat-derivados-de-las-abejas","8":"first","9":"instock","10":"shipping-taxable","11":"purchasable","12":"product-type-simple"},"_links":{"self":[{"href":"https:\/\/melelremei.com\/ca\/wp-json\/wp\/v2\/product\/846","targetHints":{"allow":["GET"]}}],"collection":[{"href":"https:\/\/melelremei.com\/ca\/wp-json\/wp\/v2\/product"}],"about":[{"href":"https:\/\/melelremei.com\/ca\/wp-json\/wp\/v2\/types\/product"}],"replies":[{"embeddable":true,"href":"https:\/\/melelremei.com\/ca\/wp-json\/wp\/v2\/comments?post=846"}],"wp:featuredmedia":[{"embeddable":true,"href":"https:\/\/melelremei.com\/ca\/wp-json\/wp\/v2\/media\/847"}],"wp:attachment":[{"href":"https:\/\/melelremei.com\/ca\/wp-json\/wp\/v2\/media?parent=846"}],"wp:term":[{"taxonomy":"product_brand","embeddable":true,"href":"https:\/\/melelremei.com\/ca\/wp-json\/wp\/v2\/product_brand?post=846"},{"taxonomy":"product_cat","embeddable":true,"href":"https:\/\/melelremei.com\/ca\/wp-json\/wp\/v2\/product_cat?post=846"},{"taxonomy":"product_tag","embeddable":true,"href":"https:\/\/melelremei.com\/ca\/wp-json\/wp\/v2\/product_tag?post=846"}],"curies":[{"name":"wp","href":"https:\/\/api.w.org\/{rel}","templated":true}]}}