{"id":848,"date":"2026-02-04T17:41:18","date_gmt":"2026-02-04T16:41:18","guid":{"rendered":"https:\/\/beta.whatmkt.com\/melelremei\/producto\/tintura-de-propoleo-20-ml\/"},"modified":"2026-03-10T16:30:07","modified_gmt":"2026-03-10T15:30:07","slug":"tincio-de-propolis-20-ml","status":"publish","type":"product","link":"https:\/\/melelremei.com\/ca\/producte\/tincio-de-propolis-20-ml\/","title":{"rendered":"Tintura de pr\u00f2polis 20 ml"},"content":{"rendered":"<h2>Tintura de pr\u00f2polis soluble<\/h2>\n<p>Tintura de pr\u00f2polis concentrada per a l&#8217;\u00fas com a complement alimentari.<\/p>\n<p>Rica en flavonoides com la galangina.<\/p>\n<h2>Com utilitzar-ho<\/h2>\n<p>\u00c9s soluble en qualsevol tipus de beguda o es pot afegir als aliments. Es poden prendre de 5 a 10 ml al dia. Es recomana comen\u00e7ar amb petites quantitats per comprovar la toler\u00e0ncia al suplement alimentari.<\/p>\n","protected":false},"excerpt":{"rendered":"<p>El pr\u00f2polis eleva les defenses de l&#8217;organisme i t\u00e9 efecte bactericida i bacteri-est\u00e0tic. \u00c9s antioxidant, antibi\u00f2tic, antif\u00fangic, antiprotozoari, antiviral, immunoestimulant, anest\u00e8sic, cicatritzant, antiinflamatori, analg\u00e8sic, antit\u00f2xic, hepatoprotector, regenerador tissular, remi-nalitzant dental, antic\u00e0ries, desodorant.<br \/>\nEl pr\u00f2polis \u00e9s f\u00e0cilment assimilat per l&#8217;organisme, no produeix efectes col\u00b7laterals indesitjables i la seva aplicaci\u00f3 a llarg termini no provoca l&#8217;aparici\u00f3 de microorganismes resistents. La tintura \u00e9s un extracte hidroalcoh\u00f2lic de pr\u00f2polis obtingut mitjan\u00e7ant maceraci\u00f3 alcoh\u00f2lica per extreure el m\u00e0xim de principis actius del pr\u00f2polis i afavorir-ne la conservaci\u00f3. \u00c9s un complement ideal per a tot l\u00b4any. Sense gluten.<\/p>\n","protected":false},"featured_media":849,"comment_status":"open","ping_status":"closed","template":"","meta":[],"product_brand":[],"product_cat":[76],"product_tag":[],"class_list":{"0":"post-848","1":"product","2":"type-product","3":"status-publish","4":"has-post-thumbnail","6":"product_cat-derivados-de-las-abejas","8":"first","9":"instock","10":"featured","11":"shipping-taxable","12":"purchasable","13":"product-type-simple"},"_links":{"self":[{"href":"https:\/\/melelremei.com\/ca\/wp-json\/wp\/v2\/product\/848","targetHints":{"allow":["GET"]}}],"collection":[{"href":"https:\/\/melelremei.com\/ca\/wp-json\/wp\/v2\/product"}],"about":[{"href":"https:\/\/melelremei.com\/ca\/wp-json\/wp\/v2\/types\/product"}],"replies":[{"embeddable":true,"href":"https:\/\/melelremei.com\/ca\/wp-json\/wp\/v2\/comments?post=848"}],"wp:featuredmedia":[{"embeddable":true,"href":"https:\/\/melelremei.com\/ca\/wp-json\/wp\/v2\/media\/849"}],"wp:attachment":[{"href":"https:\/\/melelremei.com\/ca\/wp-json\/wp\/v2\/media?parent=848"}],"wp:term":[{"taxonomy":"product_brand","embeddable":true,"href":"https:\/\/melelremei.com\/ca\/wp-json\/wp\/v2\/product_brand?post=848"},{"taxonomy":"product_cat","embeddable":true,"href":"https:\/\/melelremei.com\/ca\/wp-json\/wp\/v2\/product_cat?post=848"},{"taxonomy":"product_tag","embeddable":true,"href":"https:\/\/melelremei.com\/ca\/wp-json\/wp\/v2\/product_tag?post=848"}],"curies":[{"name":"wp","href":"https:\/\/api.w.org\/{rel}","templated":true}]}}