{"id":868,"date":"2026-02-04T17:41:17","date_gmt":"2026-02-04T16:41:17","guid":{"rendered":"https:\/\/beta.whatmkt.com\/melelremei\/producto\/caramelo-de-propoleo\/"},"modified":"2026-03-10T16:31:40","modified_gmt":"2026-03-10T15:31:40","slug":"caramel-de-propolis","status":"publish","type":"product","link":"https:\/\/melelremei.com\/ca\/producte\/caramel-de-propolis\/","title":{"rendered":"Caramel de pr\u00f2polis"},"content":{"rendered":"<p>Dol\u00e7os de pr\u00f2polis<\/p>\n<p>Bossa de 75 g de dol\u00e7os de pr\u00f2polis d&#8217;alta qualitat, elaborats amb pr\u00f2polis d&#8217;origen directe d&#8217;apicultors.<\/p>\n<p>Dol\u00e7os de pr\u00f2polis artesans d&#8217;Alcover (Tarragona).<\/p>\n<p>Dol\u00e7os d&#8217;alta qualitat elaborats amb ingredients provinents de tres generacions d&#8217;apicultors artesans de la prov\u00edncia de Tarragona.<\/p>\n","protected":false},"excerpt":{"rendered":"<p>Caramels bals\u00e0mics per al mal al\u00e8, tos i irritaci\u00f3 de gola. Elaborats amb pr\u00f2polis pur finament polvoritzat. Sense sucre i sense gluten.<\/p>\n","protected":false},"featured_media":869,"comment_status":"open","ping_status":"closed","template":"","meta":[],"product_brand":[],"product_cat":[76],"product_tag":[],"class_list":{"0":"post-868","1":"product","2":"type-product","3":"status-publish","4":"has-post-thumbnail","6":"product_cat-derivados-de-las-abejas","8":"first","9":"instock","10":"featured","11":"shipping-taxable","12":"purchasable","13":"product-type-variable"},"_links":{"self":[{"href":"https:\/\/melelremei.com\/ca\/wp-json\/wp\/v2\/product\/868","targetHints":{"allow":["GET"]}}],"collection":[{"href":"https:\/\/melelremei.com\/ca\/wp-json\/wp\/v2\/product"}],"about":[{"href":"https:\/\/melelremei.com\/ca\/wp-json\/wp\/v2\/types\/product"}],"replies":[{"embeddable":true,"href":"https:\/\/melelremei.com\/ca\/wp-json\/wp\/v2\/comments?post=868"}],"wp:featuredmedia":[{"embeddable":true,"href":"https:\/\/melelremei.com\/ca\/wp-json\/wp\/v2\/media\/869"}],"wp:attachment":[{"href":"https:\/\/melelremei.com\/ca\/wp-json\/wp\/v2\/media?parent=868"}],"wp:term":[{"taxonomy":"product_brand","embeddable":true,"href":"https:\/\/melelremei.com\/ca\/wp-json\/wp\/v2\/product_brand?post=868"},{"taxonomy":"product_cat","embeddable":true,"href":"https:\/\/melelremei.com\/ca\/wp-json\/wp\/v2\/product_cat?post=868"},{"taxonomy":"product_tag","embeddable":true,"href":"https:\/\/melelremei.com\/ca\/wp-json\/wp\/v2\/product_tag?post=868"}],"curies":[{"name":"wp","href":"https:\/\/api.w.org\/{rel}","templated":true}]}}