{"id":872,"date":"2026-02-04T17:41:16","date_gmt":"2026-02-04T16:41:16","guid":{"rendered":"https:\/\/beta.whatmkt.com\/melelremei\/producto\/hidromiel-con-especias\/"},"modified":"2026-03-09T12:38:26","modified_gmt":"2026-03-09T11:38:26","slug":"hidromel-amb-especies","status":"publish","type":"product","link":"https:\/\/melelremei.com\/ca\/producte\/hidromel-amb-especies\/","title":{"rendered":"Hidromel amb esp\u00e8cies"},"content":{"rendered":"","protected":false},"excerpt":{"rendered":"<div class=\"woocommerce-product-details__short-description\">\n<p>La mel \u00e9s la primera beguda alcoh\u00f2lica coneguda, considerada pels grecs i romans un n\u00e8ctar div\u00ed. S&#8217;obt\u00e9 fermentant directament la mel amb aigua i una maceraci\u00f3 d&#8217;esp\u00e8cies arom\u00e0tiques.<\/p>\n<p>FORMATS: 25cl \/ 50cl \/ 75cl<\/p>\n<p>CONTINGUT D&#8217;ALCOHOL: 13% Alc<\/p>\n<p>SERVEIR ENTRE: 5\u00ba I 7\u00baC<\/p>\n<\/div>\n","protected":false},"featured_media":873,"comment_status":"open","ping_status":"closed","template":"","meta":[],"product_brand":[],"product_cat":[89],"product_tag":[90,91],"class_list":{"0":"post-872","1":"product","2":"type-product","3":"status-publish","4":"has-post-thumbnail","6":"product_cat-derivados-de-la-miel","7":"product_tag-hidromiel","8":"product_tag-hidromiel-pimienta","10":"first","11":"instock","12":"shipping-taxable","13":"purchasable","14":"product-type-variable"},"_links":{"self":[{"href":"https:\/\/melelremei.com\/ca\/wp-json\/wp\/v2\/product\/872","targetHints":{"allow":["GET"]}}],"collection":[{"href":"https:\/\/melelremei.com\/ca\/wp-json\/wp\/v2\/product"}],"about":[{"href":"https:\/\/melelremei.com\/ca\/wp-json\/wp\/v2\/types\/product"}],"replies":[{"embeddable":true,"href":"https:\/\/melelremei.com\/ca\/wp-json\/wp\/v2\/comments?post=872"}],"wp:featuredmedia":[{"embeddable":true,"href":"https:\/\/melelremei.com\/ca\/wp-json\/wp\/v2\/media\/873"}],"wp:attachment":[{"href":"https:\/\/melelremei.com\/ca\/wp-json\/wp\/v2\/media?parent=872"}],"wp:term":[{"taxonomy":"product_brand","embeddable":true,"href":"https:\/\/melelremei.com\/ca\/wp-json\/wp\/v2\/product_brand?post=872"},{"taxonomy":"product_cat","embeddable":true,"href":"https:\/\/melelremei.com\/ca\/wp-json\/wp\/v2\/product_cat?post=872"},{"taxonomy":"product_tag","embeddable":true,"href":"https:\/\/melelremei.com\/ca\/wp-json\/wp\/v2\/product_tag?post=872"}],"curies":[{"name":"wp","href":"https:\/\/api.w.org\/{rel}","templated":true}]}}