{"id":878,"date":"2026-02-04T17:40:54","date_gmt":"2026-02-04T16:40:54","guid":{"rendered":"https:\/\/beta.whatmkt.com\/melelremei\/producto\/bote-miel-con-panal-475gr\/"},"modified":"2026-03-06T13:13:00","modified_gmt":"2026-03-06T12:13:00","slug":"miel-amb-bresca-475-g","status":"publish","type":"product","link":"https:\/\/melelremei.com\/ca\/producte\/miel-amb-bresca-475-g\/","title":{"rendered":"Miel amb bresca 475 g"},"content":{"rendered":"","protected":false},"excerpt":{"rendered":"<p>\u00c9s un veritable regal de la natura per a la nostra salut. La bresca \u00e9s la forma m\u00e9s pura de mel, encara segellada amb cera per les mateixes abelles, completament natural.<\/p>\n","protected":false},"featured_media":879,"comment_status":"open","ping_status":"closed","template":"","meta":[],"product_brand":[],"product_cat":[71],"product_tag":[94,74,95],"class_list":{"0":"post-878","1":"product","2":"type-product","3":"status-publish","4":"has-post-thumbnail","6":"product_cat-miel","7":"product_tag-bresca","8":"product_tag-mel","9":"product_tag-mel-amb-bresca","11":"first","12":"instock","13":"shipping-taxable","14":"purchasable","15":"product-type-simple"},"_links":{"self":[{"href":"https:\/\/melelremei.com\/ca\/wp-json\/wp\/v2\/product\/878","targetHints":{"allow":["GET"]}}],"collection":[{"href":"https:\/\/melelremei.com\/ca\/wp-json\/wp\/v2\/product"}],"about":[{"href":"https:\/\/melelremei.com\/ca\/wp-json\/wp\/v2\/types\/product"}],"replies":[{"embeddable":true,"href":"https:\/\/melelremei.com\/ca\/wp-json\/wp\/v2\/comments?post=878"}],"wp:featuredmedia":[{"embeddable":true,"href":"https:\/\/melelremei.com\/ca\/wp-json\/wp\/v2\/media\/879"}],"wp:attachment":[{"href":"https:\/\/melelremei.com\/ca\/wp-json\/wp\/v2\/media?parent=878"}],"wp:term":[{"taxonomy":"product_brand","embeddable":true,"href":"https:\/\/melelremei.com\/ca\/wp-json\/wp\/v2\/product_brand?post=878"},{"taxonomy":"product_cat","embeddable":true,"href":"https:\/\/melelremei.com\/ca\/wp-json\/wp\/v2\/product_cat?post=878"},{"taxonomy":"product_tag","embeddable":true,"href":"https:\/\/melelremei.com\/ca\/wp-json\/wp\/v2\/product_tag?post=878"}],"curies":[{"name":"wp","href":"https:\/\/api.w.org\/{rel}","templated":true}]}}