{"id":903,"date":"2026-02-04T17:40:37","date_gmt":"2026-02-04T16:40:37","guid":{"rendered":"https:\/\/beta.whatmkt.com\/melelremei\/producto\/miel-de-romero\/"},"modified":"2026-03-09T12:43:59","modified_gmt":"2026-03-09T11:43:59","slug":"mel-de-romani","status":"publish","type":"product","link":"https:\/\/melelremei.com\/ca\/producte\/mel-de-romani\/","title":{"rendered":"Mel de Roman\u00ed"},"content":{"rendered":"","protected":false},"excerpt":{"rendered":"<p>Aroma caracter\u00edstica del seu origen bot\u00e0nic, delicada i persistent. Recomanat per a insufici\u00e8ncia hep\u00e0tica, cremor d&#8217;est\u00f3mac i \u00falceres g\u00e0striques, irritaci\u00f3 de la gola per tabac i esgotament f\u00edsic. Indicat per a l&#8217;estr\u00e8s i l&#8217;ansietat.<\/p>\n","protected":false},"featured_media":891,"comment_status":"open","ping_status":"closed","template":"","meta":[],"product_brand":[],"product_cat":[71],"product_tag":[74],"class_list":{"0":"post-903","1":"product","2":"type-product","3":"status-publish","4":"has-post-thumbnail","6":"product_cat-miel","7":"product_tag-mel","9":"first","10":"instock","11":"featured","12":"shipping-taxable","13":"purchasable","14":"product-type-variable"},"_links":{"self":[{"href":"https:\/\/melelremei.com\/ca\/wp-json\/wp\/v2\/product\/903","targetHints":{"allow":["GET"]}}],"collection":[{"href":"https:\/\/melelremei.com\/ca\/wp-json\/wp\/v2\/product"}],"about":[{"href":"https:\/\/melelremei.com\/ca\/wp-json\/wp\/v2\/types\/product"}],"replies":[{"embeddable":true,"href":"https:\/\/melelremei.com\/ca\/wp-json\/wp\/v2\/comments?post=903"}],"wp:featuredmedia":[{"embeddable":true,"href":"https:\/\/melelremei.com\/ca\/wp-json\/wp\/v2\/media\/891"}],"wp:attachment":[{"href":"https:\/\/melelremei.com\/ca\/wp-json\/wp\/v2\/media?parent=903"}],"wp:term":[{"taxonomy":"product_brand","embeddable":true,"href":"https:\/\/melelremei.com\/ca\/wp-json\/wp\/v2\/product_brand?post=903"},{"taxonomy":"product_cat","embeddable":true,"href":"https:\/\/melelremei.com\/ca\/wp-json\/wp\/v2\/product_cat?post=903"},{"taxonomy":"product_tag","embeddable":true,"href":"https:\/\/melelremei.com\/ca\/wp-json\/wp\/v2\/product_tag?post=903"}],"curies":[{"name":"wp","href":"https:\/\/api.w.org\/{rel}","templated":true}]}}