{"id":918,"date":"2026-02-04T17:40:35","date_gmt":"2026-02-04T16:40:35","guid":{"rendered":"https:\/\/beta.whatmkt.com\/melelremei\/producto\/miel-cristalizada-romero\/"},"modified":"2026-03-09T12:52:14","modified_gmt":"2026-03-09T11:52:14","slug":"mel-cristal%c2%b7litzada-romani","status":"publish","type":"product","link":"https:\/\/melelremei.com\/ca\/producte\/mel-cristal%c2%b7litzada-romani\/","title":{"rendered":"Mel cristal\u00b7litzada de Roman\u00ed"},"content":{"rendered":"","protected":false},"excerpt":{"rendered":"<div class=\"fusion-woo-short-description-tb fusion-woo-short-description-tb-1\">\n<div class=\"woocommerce-product-details__short-description\">\n<p>Mel cristal\u00b7litzada extreta directament de les bresques de mel. Un proc\u00e9s natural que conserva totes les seves propietats innates. Aroma caracter\u00edstica del seu origen bot\u00e0nica, delicada i persistent. Recomanada per a insufici\u00e8ncia hep\u00e0tica, cremor d\u2019est\u00f3mac i \u00falceres g\u00e0striques, irritaci\u00f3 de la gola a causa del tabaquisme i esgotament f\u00edsic. Recomanada per a l\u2019estr\u00e8s i l\u2019ansietat.<\/p>\n<\/div>\n<\/div>\n<div class=\"fusion-woo-cart fusion-woo-cart-1\" data-type=\"variable\" data-layout=\"floated\"><\/div>\n","protected":false},"featured_media":919,"comment_status":"open","ping_status":"closed","template":"","meta":[],"product_brand":[],"product_cat":[71],"product_tag":[74,98,99],"class_list":{"0":"post-918","1":"product","2":"type-product","3":"status-publish","4":"has-post-thumbnail","6":"product_cat-miel","7":"product_tag-mel","8":"product_tag-miel-cristalizada","9":"product_tag-natural","11":"first","12":"instock","13":"shipping-taxable","14":"purchasable","15":"product-type-variable"},"_links":{"self":[{"href":"https:\/\/melelremei.com\/ca\/wp-json\/wp\/v2\/product\/918","targetHints":{"allow":["GET"]}}],"collection":[{"href":"https:\/\/melelremei.com\/ca\/wp-json\/wp\/v2\/product"}],"about":[{"href":"https:\/\/melelremei.com\/ca\/wp-json\/wp\/v2\/types\/product"}],"replies":[{"embeddable":true,"href":"https:\/\/melelremei.com\/ca\/wp-json\/wp\/v2\/comments?post=918"}],"wp:featuredmedia":[{"embeddable":true,"href":"https:\/\/melelremei.com\/ca\/wp-json\/wp\/v2\/media\/919"}],"wp:attachment":[{"href":"https:\/\/melelremei.com\/ca\/wp-json\/wp\/v2\/media?parent=918"}],"wp:term":[{"taxonomy":"product_brand","embeddable":true,"href":"https:\/\/melelremei.com\/ca\/wp-json\/wp\/v2\/product_brand?post=918"},{"taxonomy":"product_cat","embeddable":true,"href":"https:\/\/melelremei.com\/ca\/wp-json\/wp\/v2\/product_cat?post=918"},{"taxonomy":"product_tag","embeddable":true,"href":"https:\/\/melelremei.com\/ca\/wp-json\/wp\/v2\/product_tag?post=918"}],"curies":[{"name":"wp","href":"https:\/\/api.w.org\/{rel}","templated":true}]}}