{"id":928,"date":"2026-02-04T17:40:13","date_gmt":"2026-02-04T16:40:13","guid":{"rendered":"https:\/\/beta.whatmkt.com\/melelremei\/producto\/miel-de-brezo\/"},"modified":"2026-03-09T12:45:22","modified_gmt":"2026-03-09T11:45:22","slug":"mel-de-brezo","status":"publish","type":"product","link":"https:\/\/melelremei.com\/ca\/producte\/mel-de-brezo\/","title":{"rendered":"Mel de Bruc"},"content":{"rendered":"","protected":false},"excerpt":{"rendered":"<div class=\"fusion-woo-short-description-tb fusion-woo-short-description-tb-1\">\n<div class=\"woocommerce-product-details__short-description\">\n<div class=\"fusion-woo-short-description-tb fusion-woo-short-description-tb-1\">\n<div class=\"woocommerce-product-details__short-description\">\n<p>Color \u00e0mbar, aroma floral intensa que recorda l\u2019humus i la regal\u00e8ssia, molt arom\u00e0tica al paladar, amb pics salats i notes de floridura. Recomanat per a baix apetit, fatiga, an\u00e8mia i problemes card\u00edacs. Prev\u00e8n la formaci\u00f3 de c\u00e0lculs. Recomanat per a malalties del tracte urinari, \u00e9s di\u00fcr\u00e8tic. Molt \u00fatil contra el reumatisme.<\/p>\n<\/div>\n<\/div>\n<\/div>\n<\/div>\n","protected":false},"featured_media":929,"comment_status":"open","ping_status":"closed","template":"","meta":[],"product_brand":[],"product_cat":[71],"product_tag":[100,74],"class_list":{"0":"post-928","1":"product","2":"type-product","3":"status-publish","4":"has-post-thumbnail","6":"product_cat-miel","7":"product_tag-bruc","8":"product_tag-mel","10":"first","11":"instock","12":"shipping-taxable","13":"purchasable","14":"product-type-variable"},"_links":{"self":[{"href":"https:\/\/melelremei.com\/ca\/wp-json\/wp\/v2\/product\/928","targetHints":{"allow":["GET"]}}],"collection":[{"href":"https:\/\/melelremei.com\/ca\/wp-json\/wp\/v2\/product"}],"about":[{"href":"https:\/\/melelremei.com\/ca\/wp-json\/wp\/v2\/types\/product"}],"replies":[{"embeddable":true,"href":"https:\/\/melelremei.com\/ca\/wp-json\/wp\/v2\/comments?post=928"}],"wp:featuredmedia":[{"embeddable":true,"href":"https:\/\/melelremei.com\/ca\/wp-json\/wp\/v2\/media\/929"}],"wp:attachment":[{"href":"https:\/\/melelremei.com\/ca\/wp-json\/wp\/v2\/media?parent=928"}],"wp:term":[{"taxonomy":"product_brand","embeddable":true,"href":"https:\/\/melelremei.com\/ca\/wp-json\/wp\/v2\/product_brand?post=928"},{"taxonomy":"product_cat","embeddable":true,"href":"https:\/\/melelremei.com\/ca\/wp-json\/wp\/v2\/product_cat?post=928"},{"taxonomy":"product_tag","embeddable":true,"href":"https:\/\/melelremei.com\/ca\/wp-json\/wp\/v2\/product_tag?post=928"}],"curies":[{"name":"wp","href":"https:\/\/api.w.org\/{rel}","templated":true}]}}