{"id":932,"date":"2026-02-04T17:40:12","date_gmt":"2026-02-04T16:40:12","guid":{"rendered":"https:\/\/beta.whatmkt.com\/melelremei\/producto\/jarra-de-ceramica-500gr\/"},"modified":"2026-02-25T12:04:01","modified_gmt":"2026-02-25T11:04:01","slug":"gerra-de-ceramica-500gr","status":"publish","type":"product","link":"https:\/\/melelremei.com\/ca\/producte\/gerra-de-ceramica-500gr\/","title":{"rendered":"Gerra de cer\u00e0mica 500gr"},"content":{"rendered":"","protected":false},"excerpt":{"rendered":"<p>Nos miels sont disponibles en diff\u00e9rents formats pour une utilisation optimale. Commandez le v\u00f4tre.<\/p>\n<p>FORMAT : 500 g<\/p>\n","protected":false},"featured_media":933,"comment_status":"open","ping_status":"closed","template":"","meta":[],"product_brand":[],"product_cat":[72],"product_tag":[101,74],"class_list":{"0":"post-932","1":"product","2":"type-product","3":"status-publish","4":"has-post-thumbnail","6":"product_cat-regala-momentos-dulces","7":"product_tag-jarra","8":"product_tag-mel","10":"first","11":"instock","12":"shipping-taxable","13":"purchasable","14":"product-type-simple"},"_links":{"self":[{"href":"https:\/\/melelremei.com\/ca\/wp-json\/wp\/v2\/product\/932","targetHints":{"allow":["GET"]}}],"collection":[{"href":"https:\/\/melelremei.com\/ca\/wp-json\/wp\/v2\/product"}],"about":[{"href":"https:\/\/melelremei.com\/ca\/wp-json\/wp\/v2\/types\/product"}],"replies":[{"embeddable":true,"href":"https:\/\/melelremei.com\/ca\/wp-json\/wp\/v2\/comments?post=932"}],"wp:featuredmedia":[{"embeddable":true,"href":"https:\/\/melelremei.com\/ca\/wp-json\/wp\/v2\/media\/933"}],"wp:attachment":[{"href":"https:\/\/melelremei.com\/ca\/wp-json\/wp\/v2\/media?parent=932"}],"wp:term":[{"taxonomy":"product_brand","embeddable":true,"href":"https:\/\/melelremei.com\/ca\/wp-json\/wp\/v2\/product_brand?post=932"},{"taxonomy":"product_cat","embeddable":true,"href":"https:\/\/melelremei.com\/ca\/wp-json\/wp\/v2\/product_cat?post=932"},{"taxonomy":"product_tag","embeddable":true,"href":"https:\/\/melelremei.com\/ca\/wp-json\/wp\/v2\/product_tag?post=932"}],"curies":[{"name":"wp","href":"https:\/\/api.w.org\/{rel}","templated":true}]}}