{"id":937,"date":"2026-02-04T17:40:12","date_gmt":"2026-02-04T16:40:12","guid":{"rendered":"https:\/\/beta.whatmkt.com\/melelremei\/producto\/miel-de-bosque\/"},"modified":"2026-03-06T14:27:03","modified_gmt":"2026-03-06T13:27:03","slug":"mel-de-bosc","status":"publish","type":"product","link":"https:\/\/melelremei.com\/ca\/producte\/mel-de-bosc\/","title":{"rendered":"Mel de Bosc"},"content":{"rendered":"","protected":false},"excerpt":{"rendered":"<div class=\"fusion-woo-short-description-tb fusion-woo-short-description-tb-1\">\n<div class=\"woocommerce-product-details__short-description\">\n<p>Olor maltejat, sabor intens per\u00f2 poc persistent amb poc poder edulcorant i mancat d\u2019amargor. \u00c9s la m\u00e9s rica en minerals, zinc i ferro. Tamb\u00e9 porta vitamines B2 i B6. Indicada en cas d\u2019an\u00e8mia i malalties derivades de la desmineralitzaci\u00f3 de l\u2019organisme. Oxigena la sang.<\/p>\n<\/div>\n<\/div>\n","protected":false},"featured_media":938,"comment_status":"open","ping_status":"closed","template":"","meta":[],"product_brand":[],"product_cat":[71],"product_tag":[74],"class_list":{"0":"post-937","1":"product","2":"type-product","3":"status-publish","4":"has-post-thumbnail","6":"product_cat-miel","7":"product_tag-mel","9":"first","10":"instock","11":"featured","12":"shipping-taxable","13":"purchasable","14":"product-type-variable"},"_links":{"self":[{"href":"https:\/\/melelremei.com\/ca\/wp-json\/wp\/v2\/product\/937","targetHints":{"allow":["GET"]}}],"collection":[{"href":"https:\/\/melelremei.com\/ca\/wp-json\/wp\/v2\/product"}],"about":[{"href":"https:\/\/melelremei.com\/ca\/wp-json\/wp\/v2\/types\/product"}],"replies":[{"embeddable":true,"href":"https:\/\/melelremei.com\/ca\/wp-json\/wp\/v2\/comments?post=937"}],"wp:featuredmedia":[{"embeddable":true,"href":"https:\/\/melelremei.com\/ca\/wp-json\/wp\/v2\/media\/938"}],"wp:attachment":[{"href":"https:\/\/melelremei.com\/ca\/wp-json\/wp\/v2\/media?parent=937"}],"wp:term":[{"taxonomy":"product_brand","embeddable":true,"href":"https:\/\/melelremei.com\/ca\/wp-json\/wp\/v2\/product_brand?post=937"},{"taxonomy":"product_cat","embeddable":true,"href":"https:\/\/melelremei.com\/ca\/wp-json\/wp\/v2\/product_cat?post=937"},{"taxonomy":"product_tag","embeddable":true,"href":"https:\/\/melelremei.com\/ca\/wp-json\/wp\/v2\/product_tag?post=937"}],"curies":[{"name":"wp","href":"https:\/\/api.w.org\/{rel}","templated":true}]}}