{"id":945,"date":"2026-02-04T17:40:11","date_gmt":"2026-02-04T16:40:11","guid":{"rendered":"https:\/\/beta.whatmkt.com\/melelremei\/producto\/polen\/"},"modified":"2026-03-06T14:25:43","modified_gmt":"2026-03-06T13:25:43","slug":"polen","status":"publish","type":"product","link":"https:\/\/melelremei.com\/ca\/producte\/polen\/","title":{"rendered":"Pol\u00b7len"},"content":{"rendered":"","protected":false},"excerpt":{"rendered":"<p>Tresor natural, considerat un dels aliments m\u00e9s complets i nutritius; \u00e9s el millor reequilibrador nutricional, potent netejador i antioxidant. \u00c9s considerat un SUPERALIMENT. Regula les funcions digestives, millora la salut de la pell i la vista i la salut prost\u00e0tica.<\/p>\n<p>FORMATS: 240gr, 475gr i granel<\/p>\n","protected":false},"featured_media":946,"comment_status":"open","ping_status":"closed","template":"","meta":[],"product_brand":[],"product_cat":[76],"product_tag":[105,99],"class_list":{"0":"post-945","1":"product","2":"type-product","3":"status-publish","4":"has-post-thumbnail","6":"product_cat-derivados-de-las-abejas","7":"product_tag-abeja","8":"product_tag-natural","10":"first","11":"instock","12":"featured","13":"shipping-taxable","14":"purchasable","15":"product-type-variable"},"_links":{"self":[{"href":"https:\/\/melelremei.com\/ca\/wp-json\/wp\/v2\/product\/945","targetHints":{"allow":["GET"]}}],"collection":[{"href":"https:\/\/melelremei.com\/ca\/wp-json\/wp\/v2\/product"}],"about":[{"href":"https:\/\/melelremei.com\/ca\/wp-json\/wp\/v2\/types\/product"}],"replies":[{"embeddable":true,"href":"https:\/\/melelremei.com\/ca\/wp-json\/wp\/v2\/comments?post=945"}],"wp:featuredmedia":[{"embeddable":true,"href":"https:\/\/melelremei.com\/ca\/wp-json\/wp\/v2\/media\/946"}],"wp:attachment":[{"href":"https:\/\/melelremei.com\/ca\/wp-json\/wp\/v2\/media?parent=945"}],"wp:term":[{"taxonomy":"product_brand","embeddable":true,"href":"https:\/\/melelremei.com\/ca\/wp-json\/wp\/v2\/product_brand?post=945"},{"taxonomy":"product_cat","embeddable":true,"href":"https:\/\/melelremei.com\/ca\/wp-json\/wp\/v2\/product_cat?post=945"},{"taxonomy":"product_tag","embeddable":true,"href":"https:\/\/melelremei.com\/ca\/wp-json\/wp\/v2\/product_tag?post=945"}],"curies":[{"name":"wp","href":"https:\/\/api.w.org\/{rel}","templated":true}]}}