{"id":950,"date":"2026-02-04T17:40:11","date_gmt":"2026-02-04T16:40:11","guid":{"rendered":"https:\/\/beta.whatmkt.com\/melelremei\/producto\/agridulce-de-miel-250ml\/"},"modified":"2026-02-25T12:04:49","modified_gmt":"2026-02-25T11:04:49","slug":"agredolc-de-mel-250ml","status":"publish","type":"product","link":"https:\/\/melelremei.com\/ca\/producte\/agredolc-de-mel-250ml\/","title":{"rendered":"Agredol\u00e7 de mel 250ml"},"content":{"rendered":"","protected":false},"excerpt":{"rendered":"<p>Aquest producte s&#8217;obt\u00e9 artesanalment a partir de mel natural, sense cap additiu. S&#8217;elabora deixant fermentar i madurar hidromel en b\u00f3tes de roure. El resultat \u00e9s un vinagre groguenc, suau i arom\u00e0tic que conserva les propietats de la mel.<\/p>\n<p>Ideal per a amanides amb formatge, carn o peix.<\/p>\n<p>FORMAT: 250ml<\/p>\n","protected":false},"featured_media":951,"comment_status":"open","ping_status":"closed","template":"","meta":[],"product_brand":[],"product_cat":[89],"product_tag":[],"class_list":{"0":"post-950","1":"product","2":"type-product","3":"status-publish","4":"has-post-thumbnail","6":"product_cat-derivados-de-la-miel","8":"first","9":"instock","10":"shipping-taxable","11":"purchasable","12":"product-type-simple"},"_links":{"self":[{"href":"https:\/\/melelremei.com\/ca\/wp-json\/wp\/v2\/product\/950","targetHints":{"allow":["GET"]}}],"collection":[{"href":"https:\/\/melelremei.com\/ca\/wp-json\/wp\/v2\/product"}],"about":[{"href":"https:\/\/melelremei.com\/ca\/wp-json\/wp\/v2\/types\/product"}],"replies":[{"embeddable":true,"href":"https:\/\/melelremei.com\/ca\/wp-json\/wp\/v2\/comments?post=950"}],"wp:featuredmedia":[{"embeddable":true,"href":"https:\/\/melelremei.com\/ca\/wp-json\/wp\/v2\/media\/951"}],"wp:attachment":[{"href":"https:\/\/melelremei.com\/ca\/wp-json\/wp\/v2\/media?parent=950"}],"wp:term":[{"taxonomy":"product_brand","embeddable":true,"href":"https:\/\/melelremei.com\/ca\/wp-json\/wp\/v2\/product_brand?post=950"},{"taxonomy":"product_cat","embeddable":true,"href":"https:\/\/melelremei.com\/ca\/wp-json\/wp\/v2\/product_cat?post=950"},{"taxonomy":"product_tag","embeddable":true,"href":"https:\/\/melelremei.com\/ca\/wp-json\/wp\/v2\/product_tag?post=950"}],"curies":[{"name":"wp","href":"https:\/\/api.w.org\/{rel}","templated":true}]}}