{"id":960,"date":"2026-02-04T17:40:10","date_gmt":"2026-02-04T16:40:10","guid":{"rendered":"https:\/\/beta.whatmkt.com\/melelremei\/producto\/hidromiel\/"},"modified":"2026-03-06T13:15:21","modified_gmt":"2026-03-06T12:15:21","slug":"hidromel","status":"publish","type":"product","link":"https:\/\/melelremei.com\/ca\/producte\/hidromel\/","title":{"rendered":"Hidromel cl\u00e0ssic"},"content":{"rendered":"","protected":false},"excerpt":{"rendered":"<div class=\"woocommerce-product-details__short-description\">\n<p>L&#8217;hidromel \u00e9s la primera beguda alcoh\u00f2lica que es coneix, considerada per grecs i romans com un n\u00e8ctar div\u00ed. S&#8217;obt\u00e9 per fermentaci\u00f3 directa de mel amb aigua i un macerat d&#8217;esp\u00e8cies arom\u00e0tiques.<\/p>\n<p>FORMATS: 20cl \/ 50cl<\/p>\n<p>GRADUACI\u00d3: 14,5% Alc<\/p>\n<p>CONSUMIR ENTRE: 5\u00ba I 7\u00baC<\/p>\n<\/div>\n","protected":false},"featured_media":961,"comment_status":"open","ping_status":"closed","template":"","meta":[],"product_brand":[],"product_cat":[89],"product_tag":[109,90,74],"class_list":{"0":"post-960","1":"product","2":"type-product","3":"status-publish","4":"has-post-thumbnail","6":"product_cat-derivados-de-la-miel","7":"product_tag-bebida","8":"product_tag-hidromiel","9":"product_tag-mel","11":"first","12":"instock","13":"featured","14":"shipping-taxable","15":"purchasable","16":"product-type-variable"},"_links":{"self":[{"href":"https:\/\/melelremei.com\/ca\/wp-json\/wp\/v2\/product\/960","targetHints":{"allow":["GET"]}}],"collection":[{"href":"https:\/\/melelremei.com\/ca\/wp-json\/wp\/v2\/product"}],"about":[{"href":"https:\/\/melelremei.com\/ca\/wp-json\/wp\/v2\/types\/product"}],"replies":[{"embeddable":true,"href":"https:\/\/melelremei.com\/ca\/wp-json\/wp\/v2\/comments?post=960"}],"wp:featuredmedia":[{"embeddable":true,"href":"https:\/\/melelremei.com\/ca\/wp-json\/wp\/v2\/media\/961"}],"wp:attachment":[{"href":"https:\/\/melelremei.com\/ca\/wp-json\/wp\/v2\/media?parent=960"}],"wp:term":[{"taxonomy":"product_brand","embeddable":true,"href":"https:\/\/melelremei.com\/ca\/wp-json\/wp\/v2\/product_brand?post=960"},{"taxonomy":"product_cat","embeddable":true,"href":"https:\/\/melelremei.com\/ca\/wp-json\/wp\/v2\/product_cat?post=960"},{"taxonomy":"product_tag","embeddable":true,"href":"https:\/\/melelremei.com\/ca\/wp-json\/wp\/v2\/product_tag?post=960"}],"curies":[{"name":"wp","href":"https:\/\/api.w.org\/{rel}","templated":true}]}}