{"id":973,"date":"2026-02-04T17:40:09","date_gmt":"2026-02-04T16:40:09","guid":{"rendered":"https:\/\/beta.whatmkt.com\/melelremei\/producto\/cerveza-de-miel-abeja-33cl\/"},"modified":"2026-02-25T12:05:28","modified_gmt":"2026-02-25T11:05:28","slug":"cervesa-de-mel-abella-33cl","status":"publish","type":"product","link":"https:\/\/melelremei.com\/ca\/producte\/cervesa-de-mel-abella-33cl\/","title":{"rendered":"Cervesa de mel &#8220;ABELLA&#8221; 33cl"},"content":{"rendered":"","protected":false},"excerpt":{"rendered":"<p>Sabor intens, ex\u00f2tic i complex. Elaborada seguint el m\u00e8tode tradicional de fermentaci\u00f3 amb productes naturals. Una beguda suau i delicada amb molt bon paladar.<\/p>\n<p>Gust i aroma especiats i profund final entre dol\u00e7os i torrats procedents de la nostra millor mel seleccionada.<\/p>\n<p>FORMAT: 33cl<\/p>\n<p>GRADUACI\u00d3: 6% Alc<\/p>\n<p>CONSUMIR ENTRE: 8\u00ba i 10\u00baC<\/p>\n","protected":false},"featured_media":974,"comment_status":"open","ping_status":"closed","template":"","meta":[],"product_brand":[],"product_cat":[89,72],"product_tag":[108,74],"class_list":{"0":"post-973","1":"product","2":"type-product","3":"status-publish","4":"has-post-thumbnail","6":"product_cat-derivados-de-la-miel","7":"product_cat-regala-momentos-dulces","8":"product_tag-cerveza","9":"product_tag-mel","11":"first","12":"instock","13":"sale","14":"featured","15":"shipping-taxable","16":"purchasable","17":"product-type-simple"},"_links":{"self":[{"href":"https:\/\/melelremei.com\/ca\/wp-json\/wp\/v2\/product\/973","targetHints":{"allow":["GET"]}}],"collection":[{"href":"https:\/\/melelremei.com\/ca\/wp-json\/wp\/v2\/product"}],"about":[{"href":"https:\/\/melelremei.com\/ca\/wp-json\/wp\/v2\/types\/product"}],"replies":[{"embeddable":true,"href":"https:\/\/melelremei.com\/ca\/wp-json\/wp\/v2\/comments?post=973"}],"wp:featuredmedia":[{"embeddable":true,"href":"https:\/\/melelremei.com\/ca\/wp-json\/wp\/v2\/media\/974"}],"wp:attachment":[{"href":"https:\/\/melelremei.com\/ca\/wp-json\/wp\/v2\/media?parent=973"}],"wp:term":[{"taxonomy":"product_brand","embeddable":true,"href":"https:\/\/melelremei.com\/ca\/wp-json\/wp\/v2\/product_brand?post=973"},{"taxonomy":"product_cat","embeddable":true,"href":"https:\/\/melelremei.com\/ca\/wp-json\/wp\/v2\/product_cat?post=973"},{"taxonomy":"product_tag","embeddable":true,"href":"https:\/\/melelremei.com\/ca\/wp-json\/wp\/v2\/product_tag?post=973"}],"curies":[{"name":"wp","href":"https:\/\/api.w.org\/{rel}","templated":true}]}}